{"id":3260,"date":"2024-12-02T23:34:27","date_gmt":"2024-12-02T23:34:27","guid":{"rendered":"https:\/\/devkprb2024.wpenginepowered.com\/es\/?page_id=3260"},"modified":"2025-02-04T17:22:48","modified_gmt":"2025-02-04T17:22:48","slug":"newsletter-summer-2024","status":"publish","type":"page","link":"https:\/\/researchbank.kaiserpermanente.org\/es\/newsletter-summer-2024\/","title":{"rendered":"Newsletter &#8211; Summer 2024"},"content":{"rendered":"<div class=\"wpb-content-wrapper\">[vc_row remove_bottom_col_margin=&#8221;true&#8221;][vc_column offset=&#8221;vc_col-lg-9 vc_col-md-8&#8243;][vc_column_text]\n<h1>Pr\u00f3ximos pasos del Kaiser\u00a0Permanente Research\u00a0Bank<\/h1>\n[\/vc_column_text][vc_column_text]Cuando comenzamos hace m\u00e1s de una d\u00e9cada, nuestro objetivo era llegar a miembros de Kaiser\u00a0Permanente\u00a0(KP) en todo el pa\u00eds y pedirles que participaran. Agradecemos a los m\u00e1s de 400,000 de ustedes que han elegido ser voluntarios en esta nueva frontera de la ciencia y la medicina.<\/p>\n<p>En los \u00faltimos a\u00f1os, hemos avanzado hacia an\u00e1lisis cient\u00edficos m\u00e1s detallados, incluyendo el uso de <a href=\"https:\/\/www.genome.gov\/about-genomics\/fact-sheets\/Genomic-Data-Science\">datos gen\u00f3micos<\/a> generados a partir de las muestras de sangre y saliva que ustedes aportaron. Estos datos gen\u00f3micos permitir\u00e1n al KP Research Bank (Banco de Investigaci\u00f3n de KP) respaldar muchos de los estudios cient\u00edficos que compartimos en nuestros boletines.<\/p>\n<p>Este a\u00f1o hemos iniciado un nuevo proyecto. Estamos pidiendo a todas las personas que proporcionaron una muestra de sangre o saliva hace m\u00e1s de cinco\u00a0a\u00f1os que proporcionen una nueva muestra de sangre. La recolecci\u00f3n de muestras en diferentes momentos agregar\u00e1 un valor cient\u00edfico importante al KP\u00a0Research\u00a0Bank. Estas nuevas muestras ayudar\u00e1n a los investigadores a comprender mejor c\u00f3mo cambia la salud con el tiempo. Nos entusiasma apoyar estudios cient\u00edficos que utilizar\u00e1n esta informaci\u00f3n en los pr\u00f3ximos a\u00f1os, especialmente porque podr\u00edan mejorar la prevenci\u00f3n y el tratamiento de diversas afecciones en el futuro.<\/p>\n<p>En esta edici\u00f3n del bolet\u00edn, presentamos art\u00edculos sobre el <a href=\"https:\/\/www.genomicseducation.hee.nhs.uk\/glossary\/genotype\/\">genotipado<\/a> de las muestras del KP Research Bank, el projecto del KP Reearch Bank para estudiar el <a href=\"https:\/\/www.healthline.com\/nutrition\/gut-microbiome-and-health#TOC_TITLE_HDR_2\">microbioma intestinal<\/a> y aspectos destacados de otros proyectos de investigaci\u00f3n recientemente aprobados.<\/p>\n<p>Gracias por su continuo inter\u00e9s en el KP\u00a0Research\u00a0Bank. Mis colegas y yo esperamos que tengan un verano agradable.[\/vc_column_text][\/vc_column][vc_column offset=&#8221;vc_col-lg-3 vc_col-md-4&#8243;]<style>.vcex-image.vcex_69e07b64660bc .vcex-image-img{border-radius:var(--wpex-rounded-full);}.vcex-image.vcex_69e07b64660bc .vcex-image-inner{max-width:300px;}<\/style><figure class=\"vcex-image vcex-module leadership-img vcex_69e07b64660bc\"><div class=\"vcex-image-inner wpex-relative wpex-inline-block vc_custom_1715633779730\"><img width=\"300\" height=\"300\" src=\"https:\/\/researchbank.kaiserpermanente.org\/es\/wp-content\/uploads\/sites\/2\/2024\/05\/absher.jpg\" class=\"vcex-image-img wpex-align-middle\" alt=\"Devin Absher, PhD\" loading=\"lazy\" decoding=\"async\" srcset=\"https:\/\/researchbank.kaiserpermanente.org\/es\/wp-content\/uploads\/sites\/2\/2024\/05\/absher.jpg 300w, https:\/\/researchbank.kaiserpermanente.org\/es\/wp-content\/uploads\/sites\/2\/2024\/05\/absher-150x150.jpg 150w\" sizes=\"auto, (max-width: 300px) 100vw, 300px\" \/><\/div><\/figure>[vc_column_text]<strong>Dr. Devin Absher<br \/>\n<\/strong>Vicepresidente del \u00e1rea de<br \/>\nInvestigaci\u00f3n de Kaiser Permanente[\/vc_column_text][\/vc_column][\/vc_row][vc_row remove_bottom_col_margin=&#8221;true&#8221; el_class=&#8221;block-newsletters&#8221;][vc_column][vc_column_text]\n<h2>Art\u00edculos Destacados<\/h2>\n[\/vc_column_text]<div class=\"wpex-post-cards wpex-post-cards-template_1495 wpex-relative\"><div class=\"wpex-post-cards-inner\"><div class=\"wpex-post-cards-loop wpex-post-cards-grid wpex-row wpex-clr gap-60\"><div class=\"wpex-post-cards-entry col col-1 span_1_of_3 post-1592 type-post cat-26\"><div class=\"wpex-card wpex-card-template_1495\"><a href=\"https:\/\/researchbank.kaiserpermanente.org\/es\/proyectos-del-kp-research-bank-aprobados-recientemente-summer-2024\/\" aria-label=\"Proyectos del KP Research Bank aprobados recientemente\" class=\"wpex-card-inner wpex-no-underline wpex-inherit-color\"><div class=\"vc_row wpb_row vc_row-fluid wpex-relative\"><div class=\"wpb_column vc_column_container vc_col-sm-12\"><div class=\"vc_column-inner\"><div class=\"wpb_wrapper\"><figure class=\"vcex-image vcex-module\"><div class=\"vcex-image-inner wpex-relative wpex-inline-block\"><img width=\"1920\" height=\"1280\" src=\"https:\/\/researchbank.kaiserpermanente.org\/es\/wp-content\/uploads\/sites\/2\/2021\/02\/kprb-default-image.jpg\" class=\"vcex-image-img wpex-align-middle\" alt=\"\" loading=\"lazy\" decoding=\"async\" srcset=\"https:\/\/researchbank.kaiserpermanente.org\/es\/wp-content\/uploads\/sites\/2\/2021\/02\/kprb-default-image.jpg 1920w, https:\/\/researchbank.kaiserpermanente.org\/es\/wp-content\/uploads\/sites\/2\/2021\/02\/kprb-default-image-300x200.jpg 300w, https:\/\/researchbank.kaiserpermanente.org\/es\/wp-content\/uploads\/sites\/2\/2021\/02\/kprb-default-image-1024x683.jpg 1024w, https:\/\/researchbank.kaiserpermanente.org\/es\/wp-content\/uploads\/sites\/2\/2021\/02\/kprb-default-image-768x512.jpg 768w, https:\/\/researchbank.kaiserpermanente.org\/es\/wp-content\/uploads\/sites\/2\/2021\/02\/kprb-default-image-1536x1024.jpg 1536w\" sizes=\"auto, (max-width: 1920px) 100vw, 1920px\" \/><\/div><\/figure><h3 class=\"vcex-heading vcex-heading-plain vcex-module wpex-heading wpex-text-2xl\"><span class=\"vcex-heading-inner wpex-inline-block\">Proyectos del KP Research Bank aprobados recientemente<\/span><\/h3><\/div><\/div><\/div><\/div>\r\n<\/a><\/div><\/div><div class=\"wpex-post-cards-entry col col-2 span_1_of_3 post-1588 type-post cat-26\"><div class=\"wpex-card wpex-card-template_1495\"><a href=\"https:\/\/researchbank.kaiserpermanente.org\/es\/el-microbioma-intestinal-y-el-kaiser-permanente-research-bank\/\" aria-label=\"El microbioma intestinal y el Kaiser Permanente Research Bank\" class=\"wpex-card-inner wpex-no-underline wpex-inherit-color\"><div class=\"vc_row wpb_row vc_row-fluid wpex-relative\"><div class=\"wpb_column vc_column_container vc_col-sm-12\"><div class=\"vc_column-inner\"><div class=\"wpb_wrapper\"><figure class=\"vcex-image vcex-module\"><div class=\"vcex-image-inner wpex-relative wpex-inline-block\"><img width=\"1920\" height=\"1280\" src=\"https:\/\/researchbank.kaiserpermanente.org\/es\/wp-content\/uploads\/sites\/2\/2024\/05\/p-microbiome.webp\" class=\"vcex-image-img wpex-align-middle\" alt=\"\" loading=\"lazy\" decoding=\"async\" srcset=\"https:\/\/researchbank.kaiserpermanente.org\/es\/wp-content\/uploads\/sites\/2\/2024\/05\/p-microbiome.webp 1920w, https:\/\/researchbank.kaiserpermanente.org\/es\/wp-content\/uploads\/sites\/2\/2024\/05\/p-microbiome-300x200.webp 300w, https:\/\/researchbank.kaiserpermanente.org\/es\/wp-content\/uploads\/sites\/2\/2024\/05\/p-microbiome-1024x683.webp 1024w, https:\/\/researchbank.kaiserpermanente.org\/es\/wp-content\/uploads\/sites\/2\/2024\/05\/p-microbiome-768x512.webp 768w, https:\/\/researchbank.kaiserpermanente.org\/es\/wp-content\/uploads\/sites\/2\/2024\/05\/p-microbiome-1536x1024.webp 1536w\" sizes=\"auto, (max-width: 1920px) 100vw, 1920px\" \/><\/div><\/figure><h3 class=\"vcex-heading vcex-heading-plain vcex-module wpex-heading wpex-text-2xl\"><span class=\"vcex-heading-inner wpex-inline-block\">El microbioma intestinal y el Kaiser Permanente Research Bank<\/span><\/h3><\/div><\/div><\/div><\/div>\r\n<\/a><\/div><\/div><div class=\"wpex-post-cards-entry col col-3 span_1_of_3 post-1584 type-post cat-26\"><div class=\"wpex-card wpex-card-template_1495\"><a href=\"https:\/\/researchbank.kaiserpermanente.org\/es\/que-sigue-genotipado-y-medicina-de-precision-del-kaiser-permanente-research-bank\/\" aria-label=\"\u00bfQu\u00e9 sigue? Genotipado y medicina de precisi\u00f3n del Kaiser Permanente Research Bank\" class=\"wpex-card-inner wpex-no-underline wpex-inherit-color\"><div class=\"vc_row wpb_row vc_row-fluid wpex-relative\"><div class=\"wpb_column vc_column_container vc_col-sm-12\"><div class=\"vc_column-inner\"><div class=\"wpb_wrapper\"><figure class=\"vcex-image vcex-module\"><div class=\"vcex-image-inner wpex-relative wpex-inline-block\"><img width=\"1920\" height=\"1280\" src=\"https:\/\/researchbank.kaiserpermanente.org\/es\/wp-content\/uploads\/sites\/2\/2024\/05\/gen-test-iStock-1286305868.webp\" class=\"vcex-image-img wpex-align-middle\" alt=\"\" loading=\"lazy\" decoding=\"async\" srcset=\"https:\/\/researchbank.kaiserpermanente.org\/es\/wp-content\/uploads\/sites\/2\/2024\/05\/gen-test-iStock-1286305868.webp 1920w, https:\/\/researchbank.kaiserpermanente.org\/es\/wp-content\/uploads\/sites\/2\/2024\/05\/gen-test-iStock-1286305868-300x200.webp 300w, https:\/\/researchbank.kaiserpermanente.org\/es\/wp-content\/uploads\/sites\/2\/2024\/05\/gen-test-iStock-1286305868-1024x683.webp 1024w, https:\/\/researchbank.kaiserpermanente.org\/es\/wp-content\/uploads\/sites\/2\/2024\/05\/gen-test-iStock-1286305868-768x512.webp 768w, https:\/\/researchbank.kaiserpermanente.org\/es\/wp-content\/uploads\/sites\/2\/2024\/05\/gen-test-iStock-1286305868-1536x1024.webp 1536w\" sizes=\"auto, (max-width: 1920px) 100vw, 1920px\" \/><\/div><\/figure><h3 class=\"vcex-heading vcex-heading-plain vcex-module wpex-heading wpex-text-2xl\"><span class=\"vcex-heading-inner wpex-inline-block\">\u00bfQu\u00e9 sigue? Genotipado y medicina de precisi\u00f3n del Kaiser Permanente Research Bank<\/span><\/h3><\/div><\/div><\/div><\/div>\r\n<\/a><\/div><\/div><\/div><\/div><\/div>[\/vc_column][\/vc_row][vc_row full_width=&#8221;stretch_row&#8221; remove_bottom_col_margin=&#8221;true&#8221; el_class=&#8221;block-content-intro bg-lte-lte-blue&#8221;][vc_column offset=&#8221;vc_col-md-7&#8243;][vc_column_text]\n<h2>\u00a1El esfuerzo de genotipado del KP Research Bank (Banco de Investigaci\u00f3n de KP) ha concluido!<\/h2>\n<p>Esto significa que disponemos de <a href=\"https:\/\/medlineplus.gov\/genetics\/understanding\/\" target=\"_blank\" rel=\"noopener\">datos gen\u00f3micos<\/a> de los participantes del KP Research Bank para la investigaci\u00f3n cient\u00edfica. La incorporaci\u00f3n de estos datos a nuestros recursos representa un gran e importante paso que ayudar\u00e1 en nuestros avances para la prevenci\u00f3n y el tratamiento de enfermedades.[\/vc_column_text][\/vc_column][vc_column offset=&#8221;vc_col-md-5&#8243;]<figure class=\"vcex-image vcex-module\"><div class=\"vcex-image-inner wpex-relative wpex-inline-block vc_custom_1715633852293\"><img width=\"9999\" height=\"123\" src=\"https:\/\/researchbank.kaiserpermanente.org\/es\/wp-content\/uploads\/sites\/2\/2021\/10\/g-dna.svg\" class=\"vcex-image-img wpex-align-middle\" alt=\"DNA illustration\" loading=\"lazy\" decoding=\"async\" \/><\/div><\/figure>[\/vc_column][\/vc_row]\n<\/div>","protected":false},"excerpt":{"rendered":"A finales de 2023, el KP\u00a0Research\u00a0Bank alcanz\u00f3 un hito importante: complet\u00f3 el genotipado de las muestras de sangre y saliva de los participantes. Los cient\u00edficos que utilizan el KP\u00a0Research\u00a0Bank pueden aprovechar estos datos genotipados para nuevas investigaciones y objetivos cl\u00ednicos, incluida la aplicaci\u00f3n de la medicina de precisi\u00f3n por parte de KP. La medicina de&hellip;","protected":false},"author":5,"featured_media":0,"parent":0,"menu_order":0,"comment_status":"closed","ping_status":"closed","template":"","meta":{"_acf_changed":false,"footnotes":""},"class_list":["post-3260","page","type-page","status-publish","hentry","entry","has-media"],"acf":[],"yoast_head":"<!-- This site is optimized with the Yoast SEO plugin v26.6 - https:\/\/yoast.com\/wordpress\/plugins\/seo\/ -->\n<title>Newsletter - Summer 2024 - Kaiser Permanente Research Bank - Espa\u00f1ol<\/title>\n<meta name=\"robots\" content=\"index, follow, max-snippet:-1, max-image-preview:large, max-video-preview:-1\" \/>\n<link rel=\"canonical\" href=\"https:\/\/researchbank.kaiserpermanente.org\/es\/newsletter-summer-2024\/\" \/>\n<meta property=\"og:locale\" content=\"en_US\" \/>\n<meta property=\"og:type\" content=\"article\" \/>\n<meta property=\"og:title\" content=\"Newsletter - Summer 2024 - Kaiser Permanente Research Bank - Espa\u00f1ol\" \/>\n<meta property=\"og:url\" content=\"https:\/\/researchbank.kaiserpermanente.org\/es\/newsletter-summer-2024\/\" \/>\n<meta property=\"og:site_name\" content=\"Kaiser Permanente Research Bank - Espa\u00f1ol\" \/>\n<meta property=\"article:modified_time\" content=\"2025-02-04T17:22:48+00:00\" \/>\n<meta name=\"twitter:card\" content=\"summary_large_image\" \/>\n<meta name=\"twitter:label1\" content=\"Est. reading time\" \/>\n\t<meta name=\"twitter:data1\" content=\"3 minutes\" \/>\n<script type=\"application\/ld+json\" class=\"yoast-schema-graph\">{\"@context\":\"https:\/\/schema.org\",\"@graph\":[{\"@type\":\"WebPage\",\"@id\":\"https:\/\/researchbank.kaiserpermanente.org\/es\/newsletter-summer-2024\/\",\"url\":\"https:\/\/researchbank.kaiserpermanente.org\/es\/newsletter-summer-2024\/\",\"name\":\"Newsletter - Summer 2024 - Kaiser Permanente Research Bank - Espa\u00f1ol\",\"isPartOf\":{\"@id\":\"https:\/\/researchbank.kaiserpermanente.org\/es\/#website\"},\"datePublished\":\"2024-12-02T23:34:27+00:00\",\"dateModified\":\"2025-02-04T17:22:48+00:00\",\"breadcrumb\":{\"@id\":\"https:\/\/researchbank.kaiserpermanente.org\/es\/newsletter-summer-2024\/#breadcrumb\"},\"inLanguage\":\"en-US\",\"potentialAction\":[{\"@type\":\"ReadAction\",\"target\":[\"https:\/\/researchbank.kaiserpermanente.org\/es\/newsletter-summer-2024\/\"]}]},{\"@type\":\"BreadcrumbList\",\"@id\":\"https:\/\/researchbank.kaiserpermanente.org\/es\/newsletter-summer-2024\/#breadcrumb\",\"itemListElement\":[{\"@type\":\"ListItem\",\"position\":1,\"name\":\"Home\",\"item\":\"https:\/\/researchbank.kaiserpermanente.org\/es\/\"},{\"@type\":\"ListItem\",\"position\":2,\"name\":\"Newsletter &#8211; Summer 2024\"}]},{\"@type\":\"WebSite\",\"@id\":\"https:\/\/researchbank.kaiserpermanente.org\/es\/#website\",\"url\":\"https:\/\/researchbank.kaiserpermanente.org\/es\/\",\"name\":\"Kaiser Permanente Research Bank - Espa\u00f1ol\",\"description\":\"\",\"publisher\":{\"@id\":\"https:\/\/researchbank.kaiserpermanente.org\/es\/#organization\"},\"potentialAction\":[{\"@type\":\"SearchAction\",\"target\":{\"@type\":\"EntryPoint\",\"urlTemplate\":\"https:\/\/researchbank.kaiserpermanente.org\/es\/?s={search_term_string}\"},\"query-input\":{\"@type\":\"PropertyValueSpecification\",\"valueRequired\":true,\"valueName\":\"search_term_string\"}}],\"inLanguage\":\"en-US\"},{\"@type\":\"Organization\",\"@id\":\"https:\/\/researchbank.kaiserpermanente.org\/es\/#organization\",\"name\":\"Kaiser Permanente Research Bank - Espa\u00f1ol\",\"url\":\"https:\/\/researchbank.kaiserpermanente.org\/es\/\",\"logo\":{\"@type\":\"ImageObject\",\"inLanguage\":\"en-US\",\"@id\":\"https:\/\/researchbank.kaiserpermanente.org\/es\/#\/schema\/logo\/image\/\",\"url\":\"https:\/\/researchbank.kaiserpermanente.org\/es\/wp-content\/uploads\/sites\/2\/2017\/10\/logo.svg\",\"contentUrl\":\"https:\/\/researchbank.kaiserpermanente.org\/es\/wp-content\/uploads\/sites\/2\/2017\/10\/logo.svg\",\"caption\":\"Kaiser Permanente Research Bank - Espa\u00f1ol\"},\"image\":{\"@id\":\"https:\/\/researchbank.kaiserpermanente.org\/es\/#\/schema\/logo\/image\/\"}}]}<\/script>\n<!-- \/ Yoast SEO plugin. -->","yoast_head_json":{"title":"Newsletter - Summer 2024 - Kaiser Permanente Research Bank - Espa\u00f1ol","robots":{"index":"index","follow":"follow","max-snippet":"max-snippet:-1","max-image-preview":"max-image-preview:large","max-video-preview":"max-video-preview:-1"},"canonical":"https:\/\/researchbank.kaiserpermanente.org\/es\/newsletter-summer-2024\/","og_locale":"en_US","og_type":"article","og_title":"Newsletter - Summer 2024 - Kaiser Permanente Research Bank - Espa\u00f1ol","og_url":"https:\/\/researchbank.kaiserpermanente.org\/es\/newsletter-summer-2024\/","og_site_name":"Kaiser Permanente Research Bank - Espa\u00f1ol","article_modified_time":"2025-02-04T17:22:48+00:00","twitter_card":"summary_large_image","twitter_misc":{"Est. reading time":"3 minutes"},"schema":{"@context":"https:\/\/schema.org","@graph":[{"@type":"WebPage","@id":"https:\/\/researchbank.kaiserpermanente.org\/es\/newsletter-summer-2024\/","url":"https:\/\/researchbank.kaiserpermanente.org\/es\/newsletter-summer-2024\/","name":"Newsletter - Summer 2024 - Kaiser Permanente Research Bank - Espa\u00f1ol","isPartOf":{"@id":"https:\/\/researchbank.kaiserpermanente.org\/es\/#website"},"datePublished":"2024-12-02T23:34:27+00:00","dateModified":"2025-02-04T17:22:48+00:00","breadcrumb":{"@id":"https:\/\/researchbank.kaiserpermanente.org\/es\/newsletter-summer-2024\/#breadcrumb"},"inLanguage":"en-US","potentialAction":[{"@type":"ReadAction","target":["https:\/\/researchbank.kaiserpermanente.org\/es\/newsletter-summer-2024\/"]}]},{"@type":"BreadcrumbList","@id":"https:\/\/researchbank.kaiserpermanente.org\/es\/newsletter-summer-2024\/#breadcrumb","itemListElement":[{"@type":"ListItem","position":1,"name":"Home","item":"https:\/\/researchbank.kaiserpermanente.org\/es\/"},{"@type":"ListItem","position":2,"name":"Newsletter &#8211; Summer 2024"}]},{"@type":"WebSite","@id":"https:\/\/researchbank.kaiserpermanente.org\/es\/#website","url":"https:\/\/researchbank.kaiserpermanente.org\/es\/","name":"Kaiser Permanente Research Bank - Espa\u00f1ol","description":"","publisher":{"@id":"https:\/\/researchbank.kaiserpermanente.org\/es\/#organization"},"potentialAction":[{"@type":"SearchAction","target":{"@type":"EntryPoint","urlTemplate":"https:\/\/researchbank.kaiserpermanente.org\/es\/?s={search_term_string}"},"query-input":{"@type":"PropertyValueSpecification","valueRequired":true,"valueName":"search_term_string"}}],"inLanguage":"en-US"},{"@type":"Organization","@id":"https:\/\/researchbank.kaiserpermanente.org\/es\/#organization","name":"Kaiser Permanente Research Bank - Espa\u00f1ol","url":"https:\/\/researchbank.kaiserpermanente.org\/es\/","logo":{"@type":"ImageObject","inLanguage":"en-US","@id":"https:\/\/researchbank.kaiserpermanente.org\/es\/#\/schema\/logo\/image\/","url":"https:\/\/researchbank.kaiserpermanente.org\/es\/wp-content\/uploads\/sites\/2\/2017\/10\/logo.svg","contentUrl":"https:\/\/researchbank.kaiserpermanente.org\/es\/wp-content\/uploads\/sites\/2\/2017\/10\/logo.svg","caption":"Kaiser Permanente Research Bank - Espa\u00f1ol"},"image":{"@id":"https:\/\/researchbank.kaiserpermanente.org\/es\/#\/schema\/logo\/image\/"}}]}},"_links":{"self":[{"href":"https:\/\/researchbank.kaiserpermanente.org\/es\/wp-json\/wp\/v2\/pages\/3260","targetHints":{"allow":["GET"]}}],"collection":[{"href":"https:\/\/researchbank.kaiserpermanente.org\/es\/wp-json\/wp\/v2\/pages"}],"about":[{"href":"https:\/\/researchbank.kaiserpermanente.org\/es\/wp-json\/wp\/v2\/types\/page"}],"author":[{"embeddable":true,"href":"https:\/\/researchbank.kaiserpermanente.org\/es\/wp-json\/wp\/v2\/users\/5"}],"replies":[{"embeddable":true,"href":"https:\/\/researchbank.kaiserpermanente.org\/es\/wp-json\/wp\/v2\/comments?post=3260"}],"version-history":[{"count":0,"href":"https:\/\/researchbank.kaiserpermanente.org\/es\/wp-json\/wp\/v2\/pages\/3260\/revisions"}],"wp:attachment":[{"href":"https:\/\/researchbank.kaiserpermanente.org\/es\/wp-json\/wp\/v2\/media?parent=3260"}],"curies":[{"name":"wp","href":"https:\/\/api.w.org\/{rel}","templated":true}]}}