{"id":1428,"date":"2023-12-12T00:13:07","date_gmt":"2023-12-12T00:13:07","guid":{"rendered":"https:\/\/devkprb2024.wpenginepowered.com\/es\/?page_id=1428"},"modified":"2025-02-04T17:22:27","modified_gmt":"2025-02-04T17:22:27","slug":"newsletter-summer-2023","status":"publish","type":"page","link":"https:\/\/researchbank.kaiserpermanente.org\/es\/newsletter-summer-2023\/","title":{"rendered":"Newsletter &#8211; Summer 2023"},"content":{"rendered":"<div class=\"wpb-content-wrapper\">[vc_row remove_bottom_col_margin=&#8221;true&#8221;][vc_column offset=&#8221;vc_col-lg-9 vc_col-md-8&#8243;][vc_column_text]\n<h1>KP Research Bank &#8211; Qu\u00e9 sigue<\/h1>\n[\/vc_column_text][vc_column_text]Como participante del KP\u00a0Research\u00a0Bank (Banco de Investigaciones de\u00a0KP) y lector de este bolet\u00edn, es probable que ya est\u00e9 al tanto de nuestros logros a nivel cient\u00edfico. Juntos hemos creado una colecci\u00f3n de historias cl\u00ednicas, muestras de sangre y saliva, <a href=\"https:\/\/www.genome.gov\/about-genomics\/fact-sheets\/Genomic-Data-Science\" target=\"_blank\" rel=\"noopener\">datos gen\u00f3micos<\/a> e informaci\u00f3n de cuestionarios de salud de m\u00e1s de 400,000\u00a0miembros de Kaiser\u00a0Permanente, incluido <strong>usted<\/strong>, que se han ofrecido como voluntarios en diferentes investigaciones.<\/p>\n<p>A medida que continuamos invitando a m\u00e1s miembros de Kaiser\u00a0Permanente a participar en el Research\u00a0Bank, nuestra misi\u00f3n est\u00e1 en constante crecimiento. En los pr\u00f3ximos a\u00f1os, nuestro objetivo se centrar\u00e1 en usar los datos del KP\u00a0Research\u00a0Bank para avanzar en la <a href=\"https:\/\/www.nih.gov\/about-nih\/what-we-do\/nih-turning-discovery-into-health\/promise-precision-medicine\" target=\"_blank\" rel=\"noopener\">medicina de precisi\u00f3n<\/a>. Esta tarea tiene el potencial de mejorar la calidad y la equidad de la atenci\u00f3n que brinda Kaiser\u00a0Permanente, usando la informaci\u00f3n gen\u00e9tica para predecir con mayor precisi\u00f3n los riesgos de enfermedades y las opciones de tratamiento.<\/p>\n<p>El camino hacia la implementaci\u00f3n rutinaria de la medicina de precisi\u00f3n ser\u00e1 largo, lo que significa que es posible que debamos esperar varios a\u00f1os para ver los resultados de las investigaciones que estamos realizando actualmente. Sin embargo, algunos pacientes de Kaiser\u00a0Permanente ya est\u00e1n aprovechando los beneficios de la medicina de precisi\u00f3n. Por ejemplo, aquellos que est\u00e1n en tratamiento contra el c\u00e1ncer se benefician del perfilado gen\u00e9tico de sus muestras de biopsia de tumor, lo que ayuda a los m\u00e9dicos a escoger el mejor tratamiento para ellos.<\/p>\n<p>Para promover el uso de la medicina de precisi\u00f3n en todo Kaiser\u00a0Permanente, el Research\u00a0Bank apoyar\u00e1 investigaciones que respalden estos objetivos:<\/p>\n<ul>\n<li>Avanzar en la medicina de precisi\u00f3n, por ejemplo, a trav\u00e9s del desarrollo de <a href=\"https:\/\/www.genome.gov\/es\/Health\/Genomics-and-Medicine\/Puntuaciones-de-Riesgo-Polig%C3%A9nico\" target=\"_blank\" rel=\"noopener\">puntuaciones de riesgo polig\u00e9nico<\/a> que se apliquen a personas de todas las razas y etnias.<\/li>\n<li>Responder preguntas como \u201c\u00bfC\u00f3mo puede la medicina de precisi\u00f3n mejorar la atenci\u00f3n de las personas con varios tipos diferentes de afecciones y enfermedades?\u201d.<\/li>\n<li>Identificar a miembros de Kaiser\u00a0Permanente que podr\u00edan estar interesados en participar en investigaciones cl\u00ednicas y programas piloto relacionados con la medicina de precisi\u00f3n.<\/li>\n<\/ul>\n<p>Para conocer c\u00f3mo el Research\u00a0Bank apoya este tipo de investigaciones, consulte el art\u00edculo en este bolet\u00edn sobre <a href=\"https:\/\/researchbank.kaiserpermanente.org\/es\/newsletter\/dr-akinyemi-oni-orisan-un-cientifico-que-estudia-la-atencion-de-farmacia-clinica-la-genomica-y-la-importancia-de-la-diversidad-racial\/\">el trabajo del Dr.\u00a0Akinyemi\u00a0Oni\u2011Orisan<\/a>.[\/vc_column_text][\/vc_column][vc_column offset=&#8221;vc_col-lg-3 vc_col-md-4&#8243;]<style>.vcex-image.vcex_69e27cb219d0c .vcex-image-img{border-radius:var(--wpex-rounded-full);}.vcex-image.vcex_69e27cb219d0c .vcex-image-inner{max-width:300px;}<\/style><figure class=\"vcex-image vcex-module leadership-img vcex_69e27cb219d0c\"><div class=\"vcex-image-inner wpex-relative wpex-inline-block vc_custom_1715633779730\"><img width=\"300\" height=\"300\" src=\"https:\/\/researchbank.kaiserpermanente.org\/es\/wp-content\/uploads\/sites\/2\/2024\/05\/absher.jpg\" class=\"vcex-image-img wpex-align-middle\" alt=\"Devin Absher, PhD\" loading=\"lazy\" decoding=\"async\" srcset=\"https:\/\/researchbank.kaiserpermanente.org\/es\/wp-content\/uploads\/sites\/2\/2024\/05\/absher.jpg 300w, https:\/\/researchbank.kaiserpermanente.org\/es\/wp-content\/uploads\/sites\/2\/2024\/05\/absher-150x150.jpg 150w\" sizes=\"auto, (max-width: 300px) 100vw, 300px\" \/><\/div><\/figure>[vc_column_text]<strong>Dr. Devin Absher<br \/>\n<\/strong><br \/>\nVicepresidente del \u00e1rea de<br \/>\nInvestigaci\u00f3n de Kaiser Permanente[\/vc_column_text][\/vc_column][\/vc_row][vc_row remove_bottom_col_margin=&#8221;true&#8221; el_class=&#8221;block-newsletters&#8221;][vc_column][vc_column_text]\n<h2>Art\u00edculos Destacados<\/h2>\n[\/vc_column_text]<div class=\"wpex-post-cards wpex-post-cards-template_1495 wpex-relative\"><div class=\"wpex-post-cards-inner\"><div class=\"wpex-post-cards-loop wpex-post-cards-grid wpex-row wpex-clr gap-60\"><div class=\"wpex-post-cards-entry col col-1 span_1_of_3 post-1418 type-post cat-24\"><div class=\"wpex-card wpex-card-template_1495\"><a href=\"https:\/\/researchbank.kaiserpermanente.org\/es\/que-es-la-epigenetica\/\" aria-label=\"\u00bfQu\u00e9 es la epigen\u00e9tica?\" class=\"wpex-card-inner wpex-no-underline wpex-inherit-color\"><div class=\"vc_row wpb_row vc_row-fluid wpex-relative\"><div class=\"wpb_column vc_column_container vc_col-sm-12\"><div class=\"vc_column-inner\"><div class=\"wpb_wrapper\"><figure class=\"vcex-image vcex-module\"><div class=\"vcex-image-inner wpex-relative wpex-inline-block\"><img width=\"1920\" height=\"1280\" src=\"https:\/\/researchbank.kaiserpermanente.org\/es\/wp-content\/uploads\/sites\/2\/2023\/05\/p-ocean.webp\" class=\"vcex-image-img wpex-align-middle\" alt=\"\" loading=\"lazy\" decoding=\"async\" srcset=\"https:\/\/researchbank.kaiserpermanente.org\/es\/wp-content\/uploads\/sites\/2\/2023\/05\/p-ocean.webp 1920w, https:\/\/researchbank.kaiserpermanente.org\/es\/wp-content\/uploads\/sites\/2\/2023\/05\/p-ocean-300x200.webp 300w, https:\/\/researchbank.kaiserpermanente.org\/es\/wp-content\/uploads\/sites\/2\/2023\/05\/p-ocean-1024x683.webp 1024w, https:\/\/researchbank.kaiserpermanente.org\/es\/wp-content\/uploads\/sites\/2\/2023\/05\/p-ocean-768x512.webp 768w, https:\/\/researchbank.kaiserpermanente.org\/es\/wp-content\/uploads\/sites\/2\/2023\/05\/p-ocean-1536x1024.webp 1536w\" sizes=\"auto, (max-width: 1920px) 100vw, 1920px\" \/><\/div><\/figure><h3 class=\"vcex-heading vcex-heading-plain vcex-module wpex-heading wpex-text-2xl\"><span class=\"vcex-heading-inner wpex-inline-block\">\u00bfQu\u00e9 es la epigen\u00e9tica?<\/span><\/h3><\/div><\/div><\/div><\/div>\r\n<\/a><\/div><\/div><div class=\"wpex-post-cards-entry col col-2 span_1_of_3 post-1420 type-post cat-24\"><div class=\"wpex-card wpex-card-template_1495\"><a href=\"https:\/\/researchbank.kaiserpermanente.org\/es\/dr-akinyemi-oni-orisan-un-cientifico-que-estudia-la-atencion-de-farmacia-clinica-la-genomica-y-la-importancia-de-la-diversidad-racial\/\" aria-label=\"Dr. Akinyemi Oni-Orisan: Un cient\u00edfico que estudia la atenci\u00f3n de farmacia cl\u00ednica, la gen\u00f3mica y la importancia de la diversidad racial\" class=\"wpex-card-inner wpex-no-underline wpex-inherit-color\"><div class=\"vc_row wpb_row vc_row-fluid wpex-relative\"><div class=\"wpb_column vc_column_container vc_col-sm-12\"><div class=\"vc_column-inner\"><div class=\"wpb_wrapper\"><figure class=\"vcex-image vcex-module\"><div class=\"vcex-image-inner wpex-relative wpex-inline-block\"><img width=\"1920\" height=\"1280\" src=\"https:\/\/researchbank.kaiserpermanente.org\/es\/wp-content\/uploads\/sites\/2\/2023\/05\/Akinyemi-Oni-Orisan.webp\" class=\"vcex-image-img wpex-align-middle\" alt=\"\" loading=\"lazy\" decoding=\"async\" srcset=\"https:\/\/researchbank.kaiserpermanente.org\/es\/wp-content\/uploads\/sites\/2\/2023\/05\/Akinyemi-Oni-Orisan.webp 1920w, https:\/\/researchbank.kaiserpermanente.org\/es\/wp-content\/uploads\/sites\/2\/2023\/05\/Akinyemi-Oni-Orisan-300x200.webp 300w, https:\/\/researchbank.kaiserpermanente.org\/es\/wp-content\/uploads\/sites\/2\/2023\/05\/Akinyemi-Oni-Orisan-1024x683.webp 1024w, https:\/\/researchbank.kaiserpermanente.org\/es\/wp-content\/uploads\/sites\/2\/2023\/05\/Akinyemi-Oni-Orisan-768x512.webp 768w, https:\/\/researchbank.kaiserpermanente.org\/es\/wp-content\/uploads\/sites\/2\/2023\/05\/Akinyemi-Oni-Orisan-1536x1024.webp 1536w\" sizes=\"auto, (max-width: 1920px) 100vw, 1920px\" \/><\/div><\/figure><h3 class=\"vcex-heading vcex-heading-plain vcex-module wpex-heading wpex-text-2xl\"><span class=\"vcex-heading-inner wpex-inline-block\">Dr. Akinyemi Oni-Orisan: Un cient\u00edfico que estudia la atenci\u00f3n de farmacia cl\u00ednica, la gen\u00f3mica y la importancia de la diversidad racial<\/span><\/h3><\/div><\/div><\/div><\/div>\r\n<\/a><\/div><\/div><div class=\"wpex-post-cards-entry col col-3 span_1_of_3 post-1422 type-post cat-24\"><div class=\"wpex-card wpex-card-template_1495\"><a href=\"https:\/\/researchbank.kaiserpermanente.org\/es\/proyectos-del-kp-research-bank-aprobados-recientemente-2\/\" aria-label=\"Proyectos del KP Research Bank aprobados recientemente\" class=\"wpex-card-inner wpex-no-underline wpex-inherit-color\"><div class=\"vc_row wpb_row vc_row-fluid wpex-relative\"><div class=\"wpb_column vc_column_container vc_col-sm-12\"><div class=\"vc_column-inner\"><div class=\"wpb_wrapper\"><figure class=\"vcex-image vcex-module\"><div class=\"vcex-image-inner wpex-relative wpex-inline-block\"><img width=\"1920\" height=\"1280\" src=\"https:\/\/researchbank.kaiserpermanente.org\/es\/wp-content\/uploads\/sites\/2\/2021\/02\/kprb-default-image.jpg\" class=\"vcex-image-img wpex-align-middle\" alt=\"\" loading=\"lazy\" decoding=\"async\" srcset=\"https:\/\/researchbank.kaiserpermanente.org\/es\/wp-content\/uploads\/sites\/2\/2021\/02\/kprb-default-image.jpg 1920w, https:\/\/researchbank.kaiserpermanente.org\/es\/wp-content\/uploads\/sites\/2\/2021\/02\/kprb-default-image-300x200.jpg 300w, https:\/\/researchbank.kaiserpermanente.org\/es\/wp-content\/uploads\/sites\/2\/2021\/02\/kprb-default-image-1024x683.jpg 1024w, https:\/\/researchbank.kaiserpermanente.org\/es\/wp-content\/uploads\/sites\/2\/2021\/02\/kprb-default-image-768x512.jpg 768w, https:\/\/researchbank.kaiserpermanente.org\/es\/wp-content\/uploads\/sites\/2\/2021\/02\/kprb-default-image-1536x1024.jpg 1536w\" sizes=\"auto, (max-width: 1920px) 100vw, 1920px\" \/><\/div><\/figure><h3 class=\"vcex-heading vcex-heading-plain vcex-module wpex-heading wpex-text-2xl\"><span class=\"vcex-heading-inner wpex-inline-block\">Proyectos del KP Research Bank aprobados recientemente<\/span><\/h3><\/div><\/div><\/div><\/div>\r\n<\/a><\/div><\/div><\/div><\/div><\/div>[\/vc_column][\/vc_row][vc_row full_width=&#8221;stretch_row&#8221; remove_bottom_col_margin=&#8221;true&#8221; el_class=&#8221;block-content-intro bg-lte-lte-blue&#8221;][vc_column offset=&#8221;vc_col-md-7&#8243;][vc_column_text]\n<h2>El proyecto de genotipado del KP Research Bank (Banco de Investigaciones de KP) se completar\u00e1 este verano<\/h2>\n<p>Esto significa que dispondremos de <a href=\"https:\/\/medlineplus.gov\/genetics\/understanding\/\" target=\"_blank\" rel=\"noopener\">datos gen\u00f3micos<\/a> de los participantes del KP Research Bank para la investigaci\u00f3n cient\u00edfica. La incorporaci\u00f3n de estos datos a nuestros recursos representa un gran e importante paso que ayudar\u00e1 en nuestros avances para la prevenci\u00f3n y el tratamiento de enfermedades.[\/vc_column_text][\/vc_column][vc_column offset=&#8221;vc_col-md-5&#8243;]<figure class=\"vcex-image vcex-module\"><div class=\"vcex-image-inner wpex-relative wpex-inline-block vc_custom_1715633852293\"><img width=\"9999\" height=\"123\" src=\"https:\/\/researchbank.kaiserpermanente.org\/es\/wp-content\/uploads\/sites\/2\/2021\/10\/g-dna.svg\" class=\"vcex-image-img wpex-align-middle\" alt=\"DNA illustration\" loading=\"lazy\" decoding=\"async\" \/><\/div><\/figure>[\/vc_column][\/vc_row][vc_row][vc_column offset=&#8221;vc_col-md-8&#8243;][vc_column_text]\n<h2>Investigaci\u00f3n en Curso<\/h2>\n[\/vc_column_text][vc_column_text el_class=&#8221;list-arrow list-two-column&#8221;]Los proyectos de investigaci\u00f3n que usan el recurso del KP Research Bank para sus estudios de salud abarcan muchos tipos de enfermedades y condiciones m\u00e9dicas, como las siguientes:<\/p>\n<ul>\n<li>C\u00e1ncer<\/li>\n<li>Enfermedad cardiovascular<\/li>\n<li>Diabetes gestacional<\/li>\n<li>Esclerosis m\u00faltiple<\/li>\n<li>Demencia<\/li>\n<li>Autismo<\/li>\n<li>Migra\u00f1as<\/li>\n<\/ul>\n<p>Aqu\u00ed encontrar\u00e1 una lista de todos los <a href=\"https:\/\/researchbank.kaiserpermanente.org\/wp-content\/uploads\/2021\/05\/KPRB-Projects-Underway.pdf\" target=\"_blank\" rel=\"noopener\">proyectos de investigaci\u00f3n<\/a> (en ingl\u00e9s) que est\u00e1n en curso o se han completado con el recurso del KP Research Bank.[\/vc_column_text][\/vc_column][vc_column offset=&#8221;vc_col-md-4&#8243;][\/vc_column][\/vc_row]\n<\/div>","protected":false},"excerpt":{"rendered":"\u00bfPor qu\u00e9 algunas mujeres tienen m\u00e1s riesgo de desarrollar c\u00e1ncer de seno en los 10\u00a0a\u00f1os posteriores a tener un beb\u00e9? Los cient\u00edficos han identificado varias causas del c\u00e1ncer de seno en mujeres, pero a\u00fan no comprenden por qu\u00e9 algunas tienen un riesgo m\u00e1s alto en la d\u00e9cada posterior al parto. El c\u00e1ncer de seno posparto&hellip;","protected":false},"author":5,"featured_media":0,"parent":0,"menu_order":0,"comment_status":"closed","ping_status":"closed","template":"","meta":{"_acf_changed":false,"footnotes":""},"class_list":["post-1428","page","type-page","status-publish","hentry","entry","has-media"],"acf":[],"yoast_head":"<!-- This site is optimized with the Yoast SEO plugin v26.6 - https:\/\/yoast.com\/wordpress\/plugins\/seo\/ -->\n<title>Newsletter - Summer 2023 - Kaiser Permanente Research Bank - Espa\u00f1ol<\/title>\n<meta name=\"robots\" content=\"index, follow, max-snippet:-1, max-image-preview:large, max-video-preview:-1\" \/>\n<link rel=\"canonical\" href=\"https:\/\/researchbank.kaiserpermanente.org\/es\/newsletter-summer-2023\/\" \/>\n<meta property=\"og:locale\" content=\"en_US\" \/>\n<meta property=\"og:type\" content=\"article\" \/>\n<meta property=\"og:title\" content=\"Newsletter - Summer 2023 - Kaiser Permanente Research Bank - Espa\u00f1ol\" \/>\n<meta property=\"og:url\" content=\"https:\/\/researchbank.kaiserpermanente.org\/es\/newsletter-summer-2023\/\" \/>\n<meta property=\"og:site_name\" content=\"Kaiser Permanente Research Bank - Espa\u00f1ol\" \/>\n<meta property=\"article:modified_time\" content=\"2025-02-04T17:22:27+00:00\" \/>\n<meta name=\"twitter:card\" content=\"summary_large_image\" \/>\n<meta name=\"twitter:label1\" content=\"Est. reading time\" \/>\n\t<meta name=\"twitter:data1\" content=\"4 minutes\" \/>\n<script type=\"application\/ld+json\" class=\"yoast-schema-graph\">{\"@context\":\"https:\/\/schema.org\",\"@graph\":[{\"@type\":\"WebPage\",\"@id\":\"https:\/\/researchbank.kaiserpermanente.org\/es\/newsletter-summer-2023\/\",\"url\":\"https:\/\/researchbank.kaiserpermanente.org\/es\/newsletter-summer-2023\/\",\"name\":\"Newsletter - Summer 2023 - Kaiser Permanente Research Bank - Espa\u00f1ol\",\"isPartOf\":{\"@id\":\"https:\/\/researchbank.kaiserpermanente.org\/es\/#website\"},\"datePublished\":\"2023-12-12T00:13:07+00:00\",\"dateModified\":\"2025-02-04T17:22:27+00:00\",\"breadcrumb\":{\"@id\":\"https:\/\/researchbank.kaiserpermanente.org\/es\/newsletter-summer-2023\/#breadcrumb\"},\"inLanguage\":\"en-US\",\"potentialAction\":[{\"@type\":\"ReadAction\",\"target\":[\"https:\/\/researchbank.kaiserpermanente.org\/es\/newsletter-summer-2023\/\"]}]},{\"@type\":\"BreadcrumbList\",\"@id\":\"https:\/\/researchbank.kaiserpermanente.org\/es\/newsletter-summer-2023\/#breadcrumb\",\"itemListElement\":[{\"@type\":\"ListItem\",\"position\":1,\"name\":\"Home\",\"item\":\"https:\/\/researchbank.kaiserpermanente.org\/es\/\"},{\"@type\":\"ListItem\",\"position\":2,\"name\":\"Newsletter &#8211; Summer 2023\"}]},{\"@type\":\"WebSite\",\"@id\":\"https:\/\/researchbank.kaiserpermanente.org\/es\/#website\",\"url\":\"https:\/\/researchbank.kaiserpermanente.org\/es\/\",\"name\":\"Kaiser Permanente Research Bank - Espa\u00f1ol\",\"description\":\"\",\"publisher\":{\"@id\":\"https:\/\/researchbank.kaiserpermanente.org\/es\/#organization\"},\"potentialAction\":[{\"@type\":\"SearchAction\",\"target\":{\"@type\":\"EntryPoint\",\"urlTemplate\":\"https:\/\/researchbank.kaiserpermanente.org\/es\/?s={search_term_string}\"},\"query-input\":{\"@type\":\"PropertyValueSpecification\",\"valueRequired\":true,\"valueName\":\"search_term_string\"}}],\"inLanguage\":\"en-US\"},{\"@type\":\"Organization\",\"@id\":\"https:\/\/researchbank.kaiserpermanente.org\/es\/#organization\",\"name\":\"Kaiser Permanente Research Bank - Espa\u00f1ol\",\"url\":\"https:\/\/researchbank.kaiserpermanente.org\/es\/\",\"logo\":{\"@type\":\"ImageObject\",\"inLanguage\":\"en-US\",\"@id\":\"https:\/\/researchbank.kaiserpermanente.org\/es\/#\/schema\/logo\/image\/\",\"url\":\"https:\/\/researchbank.kaiserpermanente.org\/es\/wp-content\/uploads\/sites\/2\/2017\/10\/logo.svg\",\"contentUrl\":\"https:\/\/researchbank.kaiserpermanente.org\/es\/wp-content\/uploads\/sites\/2\/2017\/10\/logo.svg\",\"caption\":\"Kaiser Permanente Research Bank - Espa\u00f1ol\"},\"image\":{\"@id\":\"https:\/\/researchbank.kaiserpermanente.org\/es\/#\/schema\/logo\/image\/\"}}]}<\/script>\n<!-- \/ Yoast SEO plugin. -->","yoast_head_json":{"title":"Newsletter - Summer 2023 - Kaiser Permanente Research Bank - Espa\u00f1ol","robots":{"index":"index","follow":"follow","max-snippet":"max-snippet:-1","max-image-preview":"max-image-preview:large","max-video-preview":"max-video-preview:-1"},"canonical":"https:\/\/researchbank.kaiserpermanente.org\/es\/newsletter-summer-2023\/","og_locale":"en_US","og_type":"article","og_title":"Newsletter - Summer 2023 - Kaiser Permanente Research Bank - Espa\u00f1ol","og_url":"https:\/\/researchbank.kaiserpermanente.org\/es\/newsletter-summer-2023\/","og_site_name":"Kaiser Permanente Research Bank - Espa\u00f1ol","article_modified_time":"2025-02-04T17:22:27+00:00","twitter_card":"summary_large_image","twitter_misc":{"Est. reading time":"4 minutes"},"schema":{"@context":"https:\/\/schema.org","@graph":[{"@type":"WebPage","@id":"https:\/\/researchbank.kaiserpermanente.org\/es\/newsletter-summer-2023\/","url":"https:\/\/researchbank.kaiserpermanente.org\/es\/newsletter-summer-2023\/","name":"Newsletter - Summer 2023 - Kaiser Permanente Research Bank - Espa\u00f1ol","isPartOf":{"@id":"https:\/\/researchbank.kaiserpermanente.org\/es\/#website"},"datePublished":"2023-12-12T00:13:07+00:00","dateModified":"2025-02-04T17:22:27+00:00","breadcrumb":{"@id":"https:\/\/researchbank.kaiserpermanente.org\/es\/newsletter-summer-2023\/#breadcrumb"},"inLanguage":"en-US","potentialAction":[{"@type":"ReadAction","target":["https:\/\/researchbank.kaiserpermanente.org\/es\/newsletter-summer-2023\/"]}]},{"@type":"BreadcrumbList","@id":"https:\/\/researchbank.kaiserpermanente.org\/es\/newsletter-summer-2023\/#breadcrumb","itemListElement":[{"@type":"ListItem","position":1,"name":"Home","item":"https:\/\/researchbank.kaiserpermanente.org\/es\/"},{"@type":"ListItem","position":2,"name":"Newsletter &#8211; Summer 2023"}]},{"@type":"WebSite","@id":"https:\/\/researchbank.kaiserpermanente.org\/es\/#website","url":"https:\/\/researchbank.kaiserpermanente.org\/es\/","name":"Kaiser Permanente Research Bank - Espa\u00f1ol","description":"","publisher":{"@id":"https:\/\/researchbank.kaiserpermanente.org\/es\/#organization"},"potentialAction":[{"@type":"SearchAction","target":{"@type":"EntryPoint","urlTemplate":"https:\/\/researchbank.kaiserpermanente.org\/es\/?s={search_term_string}"},"query-input":{"@type":"PropertyValueSpecification","valueRequired":true,"valueName":"search_term_string"}}],"inLanguage":"en-US"},{"@type":"Organization","@id":"https:\/\/researchbank.kaiserpermanente.org\/es\/#organization","name":"Kaiser Permanente Research Bank - Espa\u00f1ol","url":"https:\/\/researchbank.kaiserpermanente.org\/es\/","logo":{"@type":"ImageObject","inLanguage":"en-US","@id":"https:\/\/researchbank.kaiserpermanente.org\/es\/#\/schema\/logo\/image\/","url":"https:\/\/researchbank.kaiserpermanente.org\/es\/wp-content\/uploads\/sites\/2\/2017\/10\/logo.svg","contentUrl":"https:\/\/researchbank.kaiserpermanente.org\/es\/wp-content\/uploads\/sites\/2\/2017\/10\/logo.svg","caption":"Kaiser Permanente Research Bank - Espa\u00f1ol"},"image":{"@id":"https:\/\/researchbank.kaiserpermanente.org\/es\/#\/schema\/logo\/image\/"}}]}},"_links":{"self":[{"href":"https:\/\/researchbank.kaiserpermanente.org\/es\/wp-json\/wp\/v2\/pages\/1428","targetHints":{"allow":["GET"]}}],"collection":[{"href":"https:\/\/researchbank.kaiserpermanente.org\/es\/wp-json\/wp\/v2\/pages"}],"about":[{"href":"https:\/\/researchbank.kaiserpermanente.org\/es\/wp-json\/wp\/v2\/types\/page"}],"author":[{"embeddable":true,"href":"https:\/\/researchbank.kaiserpermanente.org\/es\/wp-json\/wp\/v2\/users\/5"}],"replies":[{"embeddable":true,"href":"https:\/\/researchbank.kaiserpermanente.org\/es\/wp-json\/wp\/v2\/comments?post=1428"}],"version-history":[{"count":0,"href":"https:\/\/researchbank.kaiserpermanente.org\/es\/wp-json\/wp\/v2\/pages\/1428\/revisions"}],"wp:attachment":[{"href":"https:\/\/researchbank.kaiserpermanente.org\/es\/wp-json\/wp\/v2\/media?parent=1428"}],"curies":[{"name":"wp","href":"https:\/\/api.w.org\/{rel}","templated":true}]}}