{"id":1405,"date":"2023-05-09T17:46:25","date_gmt":"2023-05-09T17:46:25","guid":{"rendered":"https:\/\/devkprb2024.wpenginepowered.com\/es\/?page_id=1405"},"modified":"2025-02-04T17:23:24","modified_gmt":"2025-02-04T17:23:24","slug":"newsletter-winter-2022","status":"publish","type":"page","link":"https:\/\/researchbank.kaiserpermanente.org\/es\/newsletter-winter-2022\/","title":{"rendered":"Newsletter &#8211; Winter 2022"},"content":{"rendered":"<div class=\"wpb-content-wrapper\">[vc_row remove_bottom_col_margin=&#8221;true&#8221;][vc_column offset=&#8221;vc_col-lg-9 vc_col-md-8&#8243;][vc_column_text]\n<h1>Gracias por formar parte del banco de investigaci\u00f3n de Kaiser Permanente.<\/h1>\n[\/vc_column_text][vc_column_text]Durante los \u00faltimos 4\u00a0a\u00f1os, he tenido el honor de dirigir el KP\u00a0Research\u00a0Bank (Banco de Investigaciones de KP). Si bien permanecer\u00e9 como vicepresidenta principal (Senior Vice President) de investigaci\u00f3n y medici\u00f3n de calidad en Kaiser\u00a0Permanente, me enorgullece informarle que <a href=\"https:\/\/researchbank.kaiserpermanente.org\/staff\/devin-absher-phd\/\">Devin Absher,\u00a0PhD<\/a> (en ingl\u00e9s), recientemente se uni\u00f3 a Kaiser\u00a0Permanente para dirigir el KP\u00a0Research\u00a0Bank.<\/p>\n<p>Antes de empezar su trabajo en Kaiser\u00a0Permanente, Devin fue director y cient\u00edfico en <a href=\"https:\/\/www.hudsonalpha.org\/\" target=\"_blank\" rel=\"noopener\">HudsonAlpha Institute for Biotechnology<\/a> (en ingl\u00e9s) en Huntsville, Alabama. Su investigaci\u00f3n se ha centrado en la aplicaci\u00f3n de la <a href=\"https:\/\/www.genome.gov\/es\/about-genomics\/fact-sheets\/Breve-guia-de-genomica\" target=\"_blank\" rel=\"noopener\">gen\u00f3mica<\/a> a las enfermedades cr\u00f3nicas. En HudsonAlpha Institute, dirigi\u00f3 la implementaci\u00f3n de la <a href=\"https:\/\/medlineplus.gov\/spanish\/genetica\/entender\/medicinadeprecision\/definicion\/\" target=\"_blank\" rel=\"noopener\">medicina de precisi\u00f3n<\/a> en distintos \u00e1mbitos m\u00e9dicos.<\/p>\n<p>La experiencia de Devin lo posiciona como alguien excepcionalmente calificado para dirigir la estrategia del KP\u00a0Research\u00a0Bank en la medicina de precisi\u00f3n y la gen\u00f3mica, que apoyar\u00e1 y mejorar\u00e1 la salud de los miembros de Kaiser\u00a0Permanente y la comunidad en general.<\/p>\n<p><strong>\u00bfCu\u00e1les son las novedades sobre el KP Research Bank? En este bolet\u00edn, podr\u00e1 leer sobre lo siguiente:<\/strong><\/p>\n<ul>\n<li>nuevos descubrimientos de investigaci\u00f3n sobre la gen\u00e9tica del COVID 19;<\/li>\n<li>diversidad y puntuaciones de riesgo polig\u00e9nico;<\/li>\n<li>proyectos del KP Research Bank aprobados recientemente.<\/li>\n<\/ul>\n<p>Le invitamos a llenar una encuesta sobre salud y estilo de vida para que podamos obtener informaci\u00f3n actualizada sobre su salud general. Si ya llen\u00f3 la encuesta, se lo agradecemos. Si todav\u00eda no ha podido llenar la encuesta, le agradecemos de antemano que la complete al poco tiempo de recibirla.<\/p>\n<p><strong>\u00a1Gracias por formar parte del KP Research Bank!<\/strong><\/p>\n<p>Le deseamos unas fiestas saludables, seguras y placenteras.[\/vc_column_text][\/vc_column][vc_column offset=&#8221;vc_col-lg-3 vc_col-md-4&#8243;]<style>.vcex-image.vcex_69e3c14d9eb97 .vcex-image-img{border-radius:var(--wpex-rounded-full);}.vcex-image.vcex_69e3c14d9eb97 .vcex-image-inner{max-width:300px;}<\/style><figure class=\"vcex-image vcex-module leadership-img vcex_69e3c14d9eb97\"><div class=\"vcex-image-inner wpex-relative wpex-inline-block vc_custom_1715638470384\"><img width=\"600\" height=\"600\" src=\"https:\/\/researchbank.kaiserpermanente.org\/es\/wp-content\/uploads\/sites\/2\/2024\/05\/Elizabeth-McGlynn.webp\" class=\"vcex-image-img wpex-align-middle\" alt=\"Elizabeth A. McGlynn, PhD\" loading=\"lazy\" decoding=\"async\" srcset=\"https:\/\/researchbank.kaiserpermanente.org\/es\/wp-content\/uploads\/sites\/2\/2024\/05\/Elizabeth-McGlynn.webp 600w, https:\/\/researchbank.kaiserpermanente.org\/es\/wp-content\/uploads\/sites\/2\/2024\/05\/Elizabeth-McGlynn-300x300.webp 300w, https:\/\/researchbank.kaiserpermanente.org\/es\/wp-content\/uploads\/sites\/2\/2024\/05\/Elizabeth-McGlynn-150x150.webp 150w\" sizes=\"auto, (max-width: 600px) 100vw, 600px\" \/><\/div><\/figure>[vc_column_text]<strong>Dra. Elizabeth A. McGlynn<br \/>\n<\/strong>Vicepresidenta del \u00e1rea de<br \/>\nInvestigaci\u00f3n de Kaiser Permanente[\/vc_column_text][\/vc_column][\/vc_row][vc_row remove_bottom_col_margin=&#8221;true&#8221; el_class=&#8221;block-newsletters&#8221;][vc_column][vc_column_text]\n<h2>Featured Stories<\/h2>\n[\/vc_column_text]<div class=\"wpex-post-cards wpex-post-cards-template_1495 wpex-relative\"><div class=\"wpex-post-cards-inner\"><div class=\"wpex-post-cards-loop wpex-post-cards-grid wpex-row wpex-clr gap-60\"><div class=\"wpex-post-cards-entry col col-1 span_1_of_3 span_1_of_2_tp span_1_of_1_pl span_1_of_1_pp post-1396 type-post cat-23\"><div class=\"wpex-card wpex-card-template_1495\"><a href=\"https:\/\/researchbank.kaiserpermanente.org\/es\/se-descubre-en-un-estudio-una-diferencia-genetica-en-la-gravedad-del-covid%e2%80%9119\/\" aria-label=\"Se descubre en un estudio una diferencia gen\u00e9tica en la gravedad del COVID\u201119\" class=\"wpex-card-inner wpex-no-underline wpex-inherit-color\"><div class=\"vc_row wpb_row vc_row-fluid wpex-relative\"><div class=\"wpb_column vc_column_container vc_col-sm-12\"><div class=\"vc_column-inner\"><div class=\"wpb_wrapper\"><figure class=\"vcex-image vcex-module\"><div class=\"vcex-image-inner wpex-relative wpex-inline-block\"><img width=\"1920\" height=\"1280\" src=\"https:\/\/researchbank.kaiserpermanente.org\/es\/wp-content\/uploads\/sites\/2\/2022\/11\/p-covid19.webp\" class=\"vcex-image-img wpex-align-middle\" alt=\"\" loading=\"lazy\" decoding=\"async\" srcset=\"https:\/\/researchbank.kaiserpermanente.org\/es\/wp-content\/uploads\/sites\/2\/2022\/11\/p-covid19.webp 1920w, https:\/\/researchbank.kaiserpermanente.org\/es\/wp-content\/uploads\/sites\/2\/2022\/11\/p-covid19-300x200.webp 300w, https:\/\/researchbank.kaiserpermanente.org\/es\/wp-content\/uploads\/sites\/2\/2022\/11\/p-covid19-1024x683.webp 1024w, https:\/\/researchbank.kaiserpermanente.org\/es\/wp-content\/uploads\/sites\/2\/2022\/11\/p-covid19-768x512.webp 768w, https:\/\/researchbank.kaiserpermanente.org\/es\/wp-content\/uploads\/sites\/2\/2022\/11\/p-covid19-1536x1024.webp 1536w\" sizes=\"auto, (max-width: 1920px) 100vw, 1920px\" \/><\/div><\/figure><h3 class=\"vcex-heading vcex-heading-plain vcex-module wpex-heading wpex-text-2xl\"><span class=\"vcex-heading-inner wpex-inline-block\">Se descubre en un estudio una diferencia gen\u00e9tica en la gravedad del COVID\u201119<\/span><\/h3><\/div><\/div><\/div><\/div>\r\n<\/a><\/div><\/div><div class=\"wpex-post-cards-entry col col-2 span_1_of_3 span_1_of_2_tp span_1_of_1_pl span_1_of_1_pp post-1393 type-post cat-23\"><div class=\"wpex-card wpex-card-template_1495\"><a href=\"https:\/\/researchbank.kaiserpermanente.org\/es\/puntuaciones-de-riesgo-poligenico-y-diversidad-racial-y-etnica\/\" aria-label=\"Puntuaciones de riesgo polig\u00e9nico, y diversidad racial y \u00e9tnica\" class=\"wpex-card-inner wpex-no-underline wpex-inherit-color\"><div class=\"vc_row wpb_row vc_row-fluid wpex-relative\"><div class=\"wpb_column vc_column_container vc_col-sm-12\"><div class=\"vc_column-inner\"><div class=\"wpb_wrapper\"><figure class=\"vcex-image vcex-module\"><div class=\"vcex-image-inner wpex-relative wpex-inline-block\"><img width=\"1920\" height=\"1280\" src=\"https:\/\/researchbank.kaiserpermanente.org\/es\/wp-content\/uploads\/sites\/2\/2022\/11\/p-newsletter-winter-2022-2.webp\" class=\"vcex-image-img wpex-align-middle\" alt=\"\" loading=\"lazy\" decoding=\"async\" srcset=\"https:\/\/researchbank.kaiserpermanente.org\/es\/wp-content\/uploads\/sites\/2\/2022\/11\/p-newsletter-winter-2022-2.webp 1920w, https:\/\/researchbank.kaiserpermanente.org\/es\/wp-content\/uploads\/sites\/2\/2022\/11\/p-newsletter-winter-2022-2-300x200.webp 300w, https:\/\/researchbank.kaiserpermanente.org\/es\/wp-content\/uploads\/sites\/2\/2022\/11\/p-newsletter-winter-2022-2-1024x683.webp 1024w, https:\/\/researchbank.kaiserpermanente.org\/es\/wp-content\/uploads\/sites\/2\/2022\/11\/p-newsletter-winter-2022-2-768x512.webp 768w, https:\/\/researchbank.kaiserpermanente.org\/es\/wp-content\/uploads\/sites\/2\/2022\/11\/p-newsletter-winter-2022-2-1536x1024.webp 1536w\" sizes=\"auto, (max-width: 1920px) 100vw, 1920px\" \/><\/div><\/figure><h3 class=\"vcex-heading vcex-heading-plain vcex-module wpex-heading wpex-text-2xl\"><span class=\"vcex-heading-inner wpex-inline-block\">Puntuaciones de riesgo polig\u00e9nico, y diversidad racial y \u00e9tnica<\/span><\/h3><\/div><\/div><\/div><\/div>\r\n<\/a><\/div><\/div><div class=\"wpex-post-cards-entry col col-3 span_1_of_3 span_1_of_2_tp span_1_of_1_pl span_1_of_1_pp post-1390 type-post cat-23\"><div class=\"wpex-card wpex-card-template_1495\"><a href=\"https:\/\/researchbank.kaiserpermanente.org\/es\/proyectos-del-kp-research-bank-aprobados-recientemente\/\" aria-label=\"Proyectos del KP Research Bank aprobados recientemente\" class=\"wpex-card-inner wpex-no-underline wpex-inherit-color\"><div class=\"vc_row wpb_row vc_row-fluid wpex-relative\"><div class=\"wpb_column vc_column_container vc_col-sm-12\"><div class=\"vc_column-inner\"><div class=\"wpb_wrapper\"><figure class=\"vcex-image vcex-module\"><div class=\"vcex-image-inner wpex-relative wpex-inline-block\"><img width=\"1920\" height=\"1280\" src=\"https:\/\/researchbank.kaiserpermanente.org\/es\/wp-content\/uploads\/sites\/2\/2021\/02\/kprb-default-image.jpg\" class=\"vcex-image-img wpex-align-middle\" alt=\"\" loading=\"lazy\" decoding=\"async\" srcset=\"https:\/\/researchbank.kaiserpermanente.org\/es\/wp-content\/uploads\/sites\/2\/2021\/02\/kprb-default-image.jpg 1920w, https:\/\/researchbank.kaiserpermanente.org\/es\/wp-content\/uploads\/sites\/2\/2021\/02\/kprb-default-image-300x200.jpg 300w, https:\/\/researchbank.kaiserpermanente.org\/es\/wp-content\/uploads\/sites\/2\/2021\/02\/kprb-default-image-1024x683.jpg 1024w, https:\/\/researchbank.kaiserpermanente.org\/es\/wp-content\/uploads\/sites\/2\/2021\/02\/kprb-default-image-768x512.jpg 768w, https:\/\/researchbank.kaiserpermanente.org\/es\/wp-content\/uploads\/sites\/2\/2021\/02\/kprb-default-image-1536x1024.jpg 1536w\" sizes=\"auto, (max-width: 1920px) 100vw, 1920px\" \/><\/div><\/figure><h3 class=\"vcex-heading vcex-heading-plain vcex-module wpex-heading wpex-text-2xl\"><span class=\"vcex-heading-inner wpex-inline-block\">Proyectos del KP Research Bank aprobados recientemente<\/span><\/h3><\/div><\/div><\/div><\/div>\r\n<\/a><\/div><\/div><\/div><\/div><\/div>[\/vc_column][\/vc_row][vc_row][vc_column offset=&#8221;vc_col-md-8&#8243;][vc_column_text]\n<h2>Investigaci\u00f3n en Curso<\/h2>\n[\/vc_column_text][vc_column_text]El KPRB est\u00e1 dise\u00f1ado para promover la investigaci\u00f3n de muchos tipos de enfermedades y condiciones m\u00e9dicas, como las siguientes: [\/vc_column_text][vc_column_text el_class=&#8221;list-arrow list-two-column&#8221;]\n<ul>\n<li>c\u00e1ncer (de pulm\u00f3n, pr\u00f3stata, seno);<\/li>\n<li>asma;<\/li>\n<li>audici\u00f3n;<\/li>\n<li>enfermedad del tracto urinario (en hombres);<\/li>\n<li>diabetes gestacional (del embarazo);<\/li>\n<li>enfermedad de Crohn;<\/li>\n<li>esclerosis m\u00faltiple;<\/li>\n<li>s\u00edndrome del intestino irritable.<\/li>\n<\/ul>\n[\/vc_column_text][vc_column_text]La recopilaci\u00f3n del KPRB se har\u00e1 por genotipo a partir del 2021.<\/p>\n<p>Gracias al recurso de KPRB disponible hasta el momento, tiene a su disposici\u00f3n una <a href=\"https:\/\/researchbank.kaiserpermanente.org\/wp-content\/uploads\/2021\/05\/KPRB-Projects-Underway.pdf\">lista con todos los proyectos de investigaci\u00f3n<\/a> en curso o que ya terminaron.[\/vc_column_text][\/vc_column][vc_column offset=&#8221;vc_col-md-4&#8243;][\/vc_column][\/vc_row]\n<\/div>","protected":false},"excerpt":{"rendered":"Estos proyectos han sido aprobados recientemente para usar la informaci\u00f3n del KP Research Bank: C\u00f3mo predecir el riesgo de cataratas: el papel de los factores gen\u00e9ticos y no gen\u00e9ticos Se calcula que casi 95\u00a0millones de personas en el mundo tienen cataratas. Por lo general, las cataratas est\u00e1n relacionadas con el envejecimiento y son una de&hellip;","protected":false},"author":5,"featured_media":0,"parent":0,"menu_order":0,"comment_status":"closed","ping_status":"closed","template":"","meta":{"_acf_changed":false,"footnotes":""},"class_list":["post-1405","page","type-page","status-publish","hentry","entry","has-media"],"acf":[],"yoast_head":"<!-- This site is optimized with the Yoast SEO plugin v26.6 - https:\/\/yoast.com\/wordpress\/plugins\/seo\/ -->\n<title>Newsletter - Winter 2022 - Kaiser Permanente Research Bank - Espa\u00f1ol<\/title>\n<meta name=\"robots\" content=\"index, follow, max-snippet:-1, max-image-preview:large, max-video-preview:-1\" \/>\n<link rel=\"canonical\" href=\"https:\/\/researchbank.kaiserpermanente.org\/es\/newsletter-winter-2022\/\" \/>\n<meta property=\"og:locale\" content=\"en_US\" \/>\n<meta property=\"og:type\" content=\"article\" \/>\n<meta property=\"og:title\" content=\"Newsletter - Winter 2022 - Kaiser Permanente Research Bank - Espa\u00f1ol\" \/>\n<meta property=\"og:url\" content=\"https:\/\/researchbank.kaiserpermanente.org\/es\/newsletter-winter-2022\/\" \/>\n<meta property=\"og:site_name\" content=\"Kaiser Permanente Research Bank - Espa\u00f1ol\" \/>\n<meta property=\"article:modified_time\" content=\"2025-02-04T17:23:24+00:00\" \/>\n<meta name=\"twitter:card\" content=\"summary_large_image\" \/>\n<meta name=\"twitter:label1\" content=\"Est. reading time\" \/>\n\t<meta name=\"twitter:data1\" content=\"3 minutes\" \/>\n<script type=\"application\/ld+json\" class=\"yoast-schema-graph\">{\"@context\":\"https:\/\/schema.org\",\"@graph\":[{\"@type\":\"WebPage\",\"@id\":\"https:\/\/researchbank.kaiserpermanente.org\/es\/newsletter-winter-2022\/\",\"url\":\"https:\/\/researchbank.kaiserpermanente.org\/es\/newsletter-winter-2022\/\",\"name\":\"Newsletter - Winter 2022 - Kaiser Permanente Research Bank - Espa\u00f1ol\",\"isPartOf\":{\"@id\":\"https:\/\/researchbank.kaiserpermanente.org\/es\/#website\"},\"datePublished\":\"2023-05-09T17:46:25+00:00\",\"dateModified\":\"2025-02-04T17:23:24+00:00\",\"breadcrumb\":{\"@id\":\"https:\/\/researchbank.kaiserpermanente.org\/es\/newsletter-winter-2022\/#breadcrumb\"},\"inLanguage\":\"en-US\",\"potentialAction\":[{\"@type\":\"ReadAction\",\"target\":[\"https:\/\/researchbank.kaiserpermanente.org\/es\/newsletter-winter-2022\/\"]}]},{\"@type\":\"BreadcrumbList\",\"@id\":\"https:\/\/researchbank.kaiserpermanente.org\/es\/newsletter-winter-2022\/#breadcrumb\",\"itemListElement\":[{\"@type\":\"ListItem\",\"position\":1,\"name\":\"Home\",\"item\":\"https:\/\/researchbank.kaiserpermanente.org\/es\/\"},{\"@type\":\"ListItem\",\"position\":2,\"name\":\"Newsletter &#8211; Winter 2022\"}]},{\"@type\":\"WebSite\",\"@id\":\"https:\/\/researchbank.kaiserpermanente.org\/es\/#website\",\"url\":\"https:\/\/researchbank.kaiserpermanente.org\/es\/\",\"name\":\"Kaiser Permanente Research Bank - Espa\u00f1ol\",\"description\":\"\",\"publisher\":{\"@id\":\"https:\/\/researchbank.kaiserpermanente.org\/es\/#organization\"},\"potentialAction\":[{\"@type\":\"SearchAction\",\"target\":{\"@type\":\"EntryPoint\",\"urlTemplate\":\"https:\/\/researchbank.kaiserpermanente.org\/es\/?s={search_term_string}\"},\"query-input\":{\"@type\":\"PropertyValueSpecification\",\"valueRequired\":true,\"valueName\":\"search_term_string\"}}],\"inLanguage\":\"en-US\"},{\"@type\":\"Organization\",\"@id\":\"https:\/\/researchbank.kaiserpermanente.org\/es\/#organization\",\"name\":\"Kaiser Permanente Research Bank - Espa\u00f1ol\",\"url\":\"https:\/\/researchbank.kaiserpermanente.org\/es\/\",\"logo\":{\"@type\":\"ImageObject\",\"inLanguage\":\"en-US\",\"@id\":\"https:\/\/researchbank.kaiserpermanente.org\/es\/#\/schema\/logo\/image\/\",\"url\":\"https:\/\/researchbank.kaiserpermanente.org\/es\/wp-content\/uploads\/sites\/2\/2017\/10\/logo.svg\",\"contentUrl\":\"https:\/\/researchbank.kaiserpermanente.org\/es\/wp-content\/uploads\/sites\/2\/2017\/10\/logo.svg\",\"caption\":\"Kaiser Permanente Research Bank - Espa\u00f1ol\"},\"image\":{\"@id\":\"https:\/\/researchbank.kaiserpermanente.org\/es\/#\/schema\/logo\/image\/\"}}]}<\/script>\n<!-- \/ Yoast SEO plugin. -->","yoast_head_json":{"title":"Newsletter - Winter 2022 - Kaiser Permanente Research Bank - Espa\u00f1ol","robots":{"index":"index","follow":"follow","max-snippet":"max-snippet:-1","max-image-preview":"max-image-preview:large","max-video-preview":"max-video-preview:-1"},"canonical":"https:\/\/researchbank.kaiserpermanente.org\/es\/newsletter-winter-2022\/","og_locale":"en_US","og_type":"article","og_title":"Newsletter - Winter 2022 - Kaiser Permanente Research Bank - Espa\u00f1ol","og_url":"https:\/\/researchbank.kaiserpermanente.org\/es\/newsletter-winter-2022\/","og_site_name":"Kaiser Permanente Research Bank - Espa\u00f1ol","article_modified_time":"2025-02-04T17:23:24+00:00","twitter_card":"summary_large_image","twitter_misc":{"Est. reading time":"3 minutes"},"schema":{"@context":"https:\/\/schema.org","@graph":[{"@type":"WebPage","@id":"https:\/\/researchbank.kaiserpermanente.org\/es\/newsletter-winter-2022\/","url":"https:\/\/researchbank.kaiserpermanente.org\/es\/newsletter-winter-2022\/","name":"Newsletter - Winter 2022 - Kaiser Permanente Research Bank - Espa\u00f1ol","isPartOf":{"@id":"https:\/\/researchbank.kaiserpermanente.org\/es\/#website"},"datePublished":"2023-05-09T17:46:25+00:00","dateModified":"2025-02-04T17:23:24+00:00","breadcrumb":{"@id":"https:\/\/researchbank.kaiserpermanente.org\/es\/newsletter-winter-2022\/#breadcrumb"},"inLanguage":"en-US","potentialAction":[{"@type":"ReadAction","target":["https:\/\/researchbank.kaiserpermanente.org\/es\/newsletter-winter-2022\/"]}]},{"@type":"BreadcrumbList","@id":"https:\/\/researchbank.kaiserpermanente.org\/es\/newsletter-winter-2022\/#breadcrumb","itemListElement":[{"@type":"ListItem","position":1,"name":"Home","item":"https:\/\/researchbank.kaiserpermanente.org\/es\/"},{"@type":"ListItem","position":2,"name":"Newsletter &#8211; Winter 2022"}]},{"@type":"WebSite","@id":"https:\/\/researchbank.kaiserpermanente.org\/es\/#website","url":"https:\/\/researchbank.kaiserpermanente.org\/es\/","name":"Kaiser Permanente Research Bank - Espa\u00f1ol","description":"","publisher":{"@id":"https:\/\/researchbank.kaiserpermanente.org\/es\/#organization"},"potentialAction":[{"@type":"SearchAction","target":{"@type":"EntryPoint","urlTemplate":"https:\/\/researchbank.kaiserpermanente.org\/es\/?s={search_term_string}"},"query-input":{"@type":"PropertyValueSpecification","valueRequired":true,"valueName":"search_term_string"}}],"inLanguage":"en-US"},{"@type":"Organization","@id":"https:\/\/researchbank.kaiserpermanente.org\/es\/#organization","name":"Kaiser Permanente Research Bank - Espa\u00f1ol","url":"https:\/\/researchbank.kaiserpermanente.org\/es\/","logo":{"@type":"ImageObject","inLanguage":"en-US","@id":"https:\/\/researchbank.kaiserpermanente.org\/es\/#\/schema\/logo\/image\/","url":"https:\/\/researchbank.kaiserpermanente.org\/es\/wp-content\/uploads\/sites\/2\/2017\/10\/logo.svg","contentUrl":"https:\/\/researchbank.kaiserpermanente.org\/es\/wp-content\/uploads\/sites\/2\/2017\/10\/logo.svg","caption":"Kaiser Permanente Research Bank - Espa\u00f1ol"},"image":{"@id":"https:\/\/researchbank.kaiserpermanente.org\/es\/#\/schema\/logo\/image\/"}}]}},"_links":{"self":[{"href":"https:\/\/researchbank.kaiserpermanente.org\/es\/wp-json\/wp\/v2\/pages\/1405","targetHints":{"allow":["GET"]}}],"collection":[{"href":"https:\/\/researchbank.kaiserpermanente.org\/es\/wp-json\/wp\/v2\/pages"}],"about":[{"href":"https:\/\/researchbank.kaiserpermanente.org\/es\/wp-json\/wp\/v2\/types\/page"}],"author":[{"embeddable":true,"href":"https:\/\/researchbank.kaiserpermanente.org\/es\/wp-json\/wp\/v2\/users\/5"}],"replies":[{"embeddable":true,"href":"https:\/\/researchbank.kaiserpermanente.org\/es\/wp-json\/wp\/v2\/comments?post=1405"}],"version-history":[{"count":0,"href":"https:\/\/researchbank.kaiserpermanente.org\/es\/wp-json\/wp\/v2\/pages\/1405\/revisions"}],"wp:attachment":[{"href":"https:\/\/researchbank.kaiserpermanente.org\/es\/wp-json\/wp\/v2\/media?parent=1405"}],"curies":[{"name":"wp","href":"https:\/\/api.w.org\/{rel}","templated":true}]}}