{"id":1403,"date":"2022-11-15T18:22:46","date_gmt":"2022-11-15T18:22:46","guid":{"rendered":"https:\/\/devkprb2024.wpenginepowered.com\/es\/?page_id=1403"},"modified":"2025-02-04T17:22:06","modified_gmt":"2025-02-04T17:22:06","slug":"newsletter-summer-2022","status":"publish","type":"page","link":"https:\/\/researchbank.kaiserpermanente.org\/es\/newsletter-summer-2022\/","title":{"rendered":"Newsletter &#8211; Summer 2022"},"content":{"rendered":"<div class=\"wpb-content-wrapper\">[vc_row remove_bottom_col_margin=&#8221;true&#8221;][vc_column offset=&#8221;vc_col-lg-9 vc_col-md-8&#8243;][vc_column_text]\n<h1>Gracias por formar parte del banco de investigaci\u00f3n de Kaiser Permanente.<\/h1>\n[\/vc_column_text][vc_column_text]<strong>Gracias a la financiaci\u00f3n continua de Kaiser\u00a0Permanente y a usted<\/strong>, estamos recopilando informaci\u00f3n gen\u00e9tica a partir de muestras que nos don\u00f3. Estos nuevos datos permitir\u00e1n a los investigadores conocer m\u00e1s sobre las probabilidades de una persona de tener una enfermedad seg\u00fan cambios gen\u00e9ticos. Aunque esta informaci\u00f3n a\u00fan no forma parte de la atenci\u00f3n m\u00e9dica de rutina, podr\u00eda mejorar la prevenci\u00f3n y el tratamiento de enfermedades en el futuro. Nos enorgullece saber que la diversidad del Kaiser\u00a0Permanente Research\u00a0Bank permitir\u00e1 que personas de todos los or\u00edgenes se beneficien con esta informaci\u00f3n.<\/p>\n<p>Es posible que no conozca las <a href=\"https:\/\/www.genome.gov\/es\/Health\/Genomics-and-Medicine\/Puntuaciones-de-Riesgo-Polig%C3%A9nico\" target=\"_blank\" rel=\"noopener\">puntuaciones de riesgo polig\u00e9nico<\/a> (que podremos calcular con los\u00a0datos nuevos); por eso, me alegra que hablemos sobre ellas en nuestro bolet\u00edn de primavera. Le brindaremos informaci\u00f3n sobre las puntuaciones de riesgo polig\u00e9nico y daremos a conocer estudios del KP\u00a0Research\u00a0Bank aprobados recientemente que usar\u00e1n estas puntuaciones para estimar el riesgo de ciertas enfermedades.<\/p>\n<p><strong>\u00a0<\/strong><strong>En este bolet\u00edn, podr\u00e1 leer sobre lo siguiente:<\/strong><\/p>\n<ul>\n<li>puntuaciones de riesgo polig\u00e9nico,<\/li>\n<li>investigaciones sobre la gen\u00e9tica de la migra\u00f1a con datos de KP\u00a0Research\u00a0Bank,<\/li>\n<li>proyectos nuevos del KP\u00a0Research\u00a0Bank.<\/li>\n<\/ul>\n<p><strong>\u00bfCu\u00e1les son las novedades? <\/strong><\/p>\n<p>En los pr\u00f3ximos meses, le pediremos que conteste una encuesta sobre su salud y los factores relacionados con el estilo de vida que afectan su salud. Le agradecemos el tiempo que dedica a brindarnos informaci\u00f3n actualizada.<\/p>\n<p><strong>\u00a1Gracias por ser parte de KP\u00a0Research\u00a0Bank! <\/strong><\/p>\n<p>Le deseamos un verano saludable, seguro y placentero.[\/vc_column_text][\/vc_column][vc_column offset=&#8221;vc_col-lg-3 vc_col-md-4&#8243;]<style>.vcex-image.vcex_69e9a9095680b .vcex-image-img{border-radius:var(--wpex-rounded-full);}.vcex-image.vcex_69e9a9095680b .vcex-image-inner{max-width:300px;}<\/style><figure class=\"vcex-image vcex-module leadership-img vcex_69e9a9095680b\"><div class=\"vcex-image-inner wpex-relative wpex-inline-block vc_custom_1715638470384\"><img width=\"600\" height=\"600\" src=\"https:\/\/researchbank.kaiserpermanente.org\/es\/wp-content\/uploads\/sites\/2\/2024\/05\/Elizabeth-McGlynn.webp\" class=\"vcex-image-img wpex-align-middle\" alt=\"Elizabeth A. McGlynn, PhD\" loading=\"lazy\" decoding=\"async\" srcset=\"https:\/\/researchbank.kaiserpermanente.org\/es\/wp-content\/uploads\/sites\/2\/2024\/05\/Elizabeth-McGlynn.webp 600w, https:\/\/researchbank.kaiserpermanente.org\/es\/wp-content\/uploads\/sites\/2\/2024\/05\/Elizabeth-McGlynn-300x300.webp 300w, https:\/\/researchbank.kaiserpermanente.org\/es\/wp-content\/uploads\/sites\/2\/2024\/05\/Elizabeth-McGlynn-150x150.webp 150w\" sizes=\"auto, (max-width: 600px) 100vw, 600px\" \/><\/div><\/figure>[vc_column_text]<strong>Dra. Elizabeth A. McGlynn<br \/>\n<\/strong>Vicepresidenta del \u00e1rea de<br \/>\nInvestigaci\u00f3n de Kaiser Permanente[\/vc_column_text][\/vc_column][\/vc_row][vc_row remove_bottom_col_margin=&#8221;true&#8221; el_class=&#8221;block-newsletters&#8221;][vc_column][vc_column_text]\n<h2>Featured Stories<\/h2>\n[\/vc_column_text]<div class=\"wpex-post-cards wpex-post-cards-template_1495 wpex-relative\"><div class=\"wpex-post-cards-inner\"><div class=\"wpex-post-cards-loop wpex-post-cards-grid wpex-row wpex-clr gap-60\"><div class=\"wpex-post-cards-entry col col-1 span_1_of_3 span_1_of_2_tp span_1_of_1_pl span_1_of_1_pp post-1365 type-post cat-22\"><div class=\"wpex-card wpex-card-template_1495\"><a href=\"https:\/\/researchbank.kaiserpermanente.org\/es\/cambios-geneticos-y-puntuaciones-de-riesgo-poligenico\/\" aria-label=\"Cambios gen\u00e9ticos y puntuaciones de riesgo polig\u00e9nico\" class=\"wpex-card-inner wpex-no-underline wpex-inherit-color\"><div class=\"vc_row wpb_row vc_row-fluid wpex-relative\"><div class=\"wpb_column vc_column_container vc_col-sm-12\"><div class=\"vc_column-inner\"><div class=\"wpb_wrapper\"><figure class=\"vcex-image vcex-module\"><div class=\"vcex-image-inner wpex-relative wpex-inline-block\"><img width=\"1920\" height=\"1280\" src=\"https:\/\/researchbank.kaiserpermanente.org\/es\/wp-content\/uploads\/sites\/2\/2022\/05\/p-dna.webp\" class=\"vcex-image-img wpex-align-middle\" alt=\"\" loading=\"lazy\" decoding=\"async\" srcset=\"https:\/\/researchbank.kaiserpermanente.org\/es\/wp-content\/uploads\/sites\/2\/2022\/05\/p-dna.webp 1920w, https:\/\/researchbank.kaiserpermanente.org\/es\/wp-content\/uploads\/sites\/2\/2022\/05\/p-dna-300x200.webp 300w, https:\/\/researchbank.kaiserpermanente.org\/es\/wp-content\/uploads\/sites\/2\/2022\/05\/p-dna-1024x683.webp 1024w, https:\/\/researchbank.kaiserpermanente.org\/es\/wp-content\/uploads\/sites\/2\/2022\/05\/p-dna-768x512.webp 768w, https:\/\/researchbank.kaiserpermanente.org\/es\/wp-content\/uploads\/sites\/2\/2022\/05\/p-dna-1536x1024.webp 1536w\" sizes=\"auto, (max-width: 1920px) 100vw, 1920px\" \/><\/div><\/figure><h3 class=\"vcex-heading vcex-heading-plain vcex-module wpex-heading wpex-text-2xl\"><span class=\"vcex-heading-inner wpex-inline-block\">Cambios gen\u00e9ticos y puntuaciones de riesgo polig\u00e9nico<\/span><\/h3><\/div><\/div><\/div><\/div>\r\n<\/a><\/div><\/div><div class=\"wpex-post-cards-entry col col-2 span_1_of_3 span_1_of_2_tp span_1_of_1_pl span_1_of_1_pp post-1361 type-post cat-22\"><div class=\"wpex-card wpex-card-template_1495\"><a href=\"https:\/\/researchbank.kaiserpermanente.org\/es\/uso-de-la-informacion-del-research-bank-para-comprender-mejor-la-migrana\/\" aria-label=\"Uso de la informaci\u00f3n del Research\u00a0Bank para comprender mejor la migra\u00f1a\" class=\"wpex-card-inner wpex-no-underline wpex-inherit-color\"><div class=\"vc_row wpb_row vc_row-fluid wpex-relative\"><div class=\"wpb_column vc_column_container vc_col-sm-12\"><div class=\"vc_column-inner\"><div class=\"wpb_wrapper\"><figure class=\"vcex-image vcex-module\"><div class=\"vcex-image-inner wpex-relative wpex-inline-block\"><img width=\"1920\" height=\"1280\" src=\"https:\/\/researchbank.kaiserpermanente.org\/es\/wp-content\/uploads\/sites\/2\/2022\/05\/p-migranes.webp\" class=\"vcex-image-img wpex-align-middle\" alt=\"\" loading=\"lazy\" decoding=\"async\" srcset=\"https:\/\/researchbank.kaiserpermanente.org\/es\/wp-content\/uploads\/sites\/2\/2022\/05\/p-migranes.webp 1920w, https:\/\/researchbank.kaiserpermanente.org\/es\/wp-content\/uploads\/sites\/2\/2022\/05\/p-migranes-300x200.webp 300w, https:\/\/researchbank.kaiserpermanente.org\/es\/wp-content\/uploads\/sites\/2\/2022\/05\/p-migranes-1024x683.webp 1024w, https:\/\/researchbank.kaiserpermanente.org\/es\/wp-content\/uploads\/sites\/2\/2022\/05\/p-migranes-768x512.webp 768w, https:\/\/researchbank.kaiserpermanente.org\/es\/wp-content\/uploads\/sites\/2\/2022\/05\/p-migranes-1536x1024.webp 1536w\" sizes=\"auto, (max-width: 1920px) 100vw, 1920px\" \/><\/div><\/figure><h3 class=\"vcex-heading vcex-heading-plain vcex-module wpex-heading wpex-text-2xl\"><span class=\"vcex-heading-inner wpex-inline-block\">Uso de la informaci\u00f3n del Research\u00a0Bank para comprender mejor la migra\u00f1a<\/span><\/h3><\/div><\/div><\/div><\/div>\r\n<\/a><\/div><\/div><div class=\"wpex-post-cards-entry col col-3 span_1_of_3 span_1_of_2_tp span_1_of_1_pl span_1_of_1_pp post-1360 type-post cat-22\"><div class=\"wpex-card wpex-card-template_1495\"><a href=\"https:\/\/researchbank.kaiserpermanente.org\/es\/proyectos-del-research-bank-aprobados-recientemente-spring-2022\/\" aria-label=\"Proyectos del Research\u00a0Bank aprobados recientemente\" class=\"wpex-card-inner wpex-no-underline wpex-inherit-color\"><div class=\"vc_row wpb_row vc_row-fluid wpex-relative\"><div class=\"wpb_column vc_column_container vc_col-sm-12\"><div class=\"vc_column-inner\"><div class=\"wpb_wrapper\"><figure class=\"vcex-image vcex-module\"><div class=\"vcex-image-inner wpex-relative wpex-inline-block\"><img width=\"1920\" height=\"1280\" src=\"https:\/\/researchbank.kaiserpermanente.org\/es\/wp-content\/uploads\/sites\/2\/2021\/02\/kprb-default-image.jpg\" class=\"vcex-image-img wpex-align-middle\" alt=\"\" loading=\"lazy\" decoding=\"async\" srcset=\"https:\/\/researchbank.kaiserpermanente.org\/es\/wp-content\/uploads\/sites\/2\/2021\/02\/kprb-default-image.jpg 1920w, https:\/\/researchbank.kaiserpermanente.org\/es\/wp-content\/uploads\/sites\/2\/2021\/02\/kprb-default-image-300x200.jpg 300w, https:\/\/researchbank.kaiserpermanente.org\/es\/wp-content\/uploads\/sites\/2\/2021\/02\/kprb-default-image-1024x683.jpg 1024w, https:\/\/researchbank.kaiserpermanente.org\/es\/wp-content\/uploads\/sites\/2\/2021\/02\/kprb-default-image-768x512.jpg 768w, https:\/\/researchbank.kaiserpermanente.org\/es\/wp-content\/uploads\/sites\/2\/2021\/02\/kprb-default-image-1536x1024.jpg 1536w\" sizes=\"auto, (max-width: 1920px) 100vw, 1920px\" \/><\/div><\/figure><h3 class=\"vcex-heading vcex-heading-plain vcex-module wpex-heading wpex-text-2xl\"><span class=\"vcex-heading-inner wpex-inline-block\">Proyectos del Research\u00a0Bank aprobados recientemente<\/span><\/h3><\/div><\/div><\/div><\/div>\r\n<\/a><\/div><\/div><\/div><\/div><\/div>[\/vc_column][\/vc_row][vc_row][vc_column offset=&#8221;vc_col-md-8&#8243;][vc_column_text]\n<h2>Investigaci\u00f3n en Curso<\/h2>\n[\/vc_column_text][vc_column_text]El KPRB est\u00e1 dise\u00f1ado para promover la investigaci\u00f3n de muchos tipos de enfermedades y condiciones m\u00e9dicas, como las siguientes: [\/vc_column_text][vc_column_text el_class=&#8221;list-arrow list-two-column&#8221;]\n<ul>\n<li>c\u00e1ncer (de pulm\u00f3n, pr\u00f3stata, seno);<\/li>\n<li>asma;<\/li>\n<li>audici\u00f3n;<\/li>\n<li>enfermedad del tracto urinario (en hombres);<\/li>\n<li>diabetes gestacional (del embarazo);<\/li>\n<li>enfermedad de Crohn;<\/li>\n<li>esclerosis m\u00faltiple;<\/li>\n<li>s\u00edndrome del intestino irritable.<\/li>\n<\/ul>\n[\/vc_column_text][vc_column_text]La recopilaci\u00f3n del KPRB se har\u00e1 por genotipo a partir del 2021.<\/p>\n<p>Gracias al recurso de KPRB disponible hasta el momento, tiene a su disposici\u00f3n una <a href=\"https:\/\/researchbank.kaiserpermanente.org\/wp-content\/uploads\/2021\/05\/KPRB-Projects-Underway.pdf\">lista con todos los proyectos de investigaci\u00f3n<\/a> en curso o que ya terminaron.[\/vc_column_text][\/vc_column][vc_column offset=&#8221;vc_col-md-4&#8243;][\/vc_column][\/vc_row]\n<\/div>","protected":false},"excerpt":{"rendered":"Estos proyectos han sido aprobados recientemente para usar la informaci\u00f3n del KP\u00a0Research\u00a0Bank: C\u00f3mo mejorar el uso de estatinas para la prevenci\u00f3n de enfermedades cardiovasculares utilizando las puntuaciones de riesgo polig\u00e9nico Casi la mitad de los adultos en Estados\u00a0Unidos tiene alg\u00fan tipo de enfermedad cardiovascular, incluidos ataques card\u00edacos y ataques cerebrales. Las estatinas son medicamentos que&hellip;","protected":false},"author":5,"featured_media":0,"parent":0,"menu_order":0,"comment_status":"closed","ping_status":"closed","template":"","meta":{"_acf_changed":false,"footnotes":""},"class_list":["post-1403","page","type-page","status-publish","hentry","entry","has-media"],"acf":[],"yoast_head":"<!-- This site is optimized with the Yoast SEO plugin v27.4 - https:\/\/yoast.com\/product\/yoast-seo-wordpress\/ -->\n<title>Newsletter - Summer 2022 - Kaiser Permanente Research Bank - Espa\u00f1ol<\/title>\n<meta name=\"robots\" content=\"index, follow, max-snippet:-1, max-image-preview:large, max-video-preview:-1\" \/>\n<link rel=\"canonical\" href=\"https:\/\/researchbank.kaiserpermanente.org\/es\/newsletter-summer-2022\/\" \/>\n<meta property=\"og:locale\" content=\"en_US\" \/>\n<meta property=\"og:type\" content=\"article\" \/>\n<meta property=\"og:title\" content=\"Newsletter - Summer 2022 - Kaiser Permanente Research Bank - Espa\u00f1ol\" \/>\n<meta property=\"og:url\" content=\"https:\/\/researchbank.kaiserpermanente.org\/es\/newsletter-summer-2022\/\" \/>\n<meta property=\"og:site_name\" content=\"Kaiser Permanente Research Bank - Espa\u00f1ol\" \/>\n<meta property=\"article:modified_time\" content=\"2025-02-04T17:22:06+00:00\" \/>\n<meta name=\"twitter:card\" content=\"summary_large_image\" \/>\n<meta name=\"twitter:label1\" content=\"Est. reading time\" \/>\n\t<meta name=\"twitter:data1\" content=\"3 minutes\" \/>\n<script type=\"application\/ld+json\" class=\"yoast-schema-graph\">{\"@context\":\"https:\\\/\\\/schema.org\",\"@graph\":[{\"@type\":\"WebPage\",\"@id\":\"https:\\\/\\\/researchbank.kaiserpermanente.org\\\/es\\\/newsletter-summer-2022\\\/\",\"url\":\"https:\\\/\\\/researchbank.kaiserpermanente.org\\\/es\\\/newsletter-summer-2022\\\/\",\"name\":\"Newsletter - Summer 2022 - Kaiser Permanente Research Bank - Espa\u00f1ol\",\"isPartOf\":{\"@id\":\"https:\\\/\\\/researchbank.kaiserpermanente.org\\\/es\\\/#website\"},\"datePublished\":\"2022-11-15T18:22:46+00:00\",\"dateModified\":\"2025-02-04T17:22:06+00:00\",\"breadcrumb\":{\"@id\":\"https:\\\/\\\/researchbank.kaiserpermanente.org\\\/es\\\/newsletter-summer-2022\\\/#breadcrumb\"},\"inLanguage\":\"en-US\",\"potentialAction\":[{\"@type\":\"ReadAction\",\"target\":[\"https:\\\/\\\/researchbank.kaiserpermanente.org\\\/es\\\/newsletter-summer-2022\\\/\"]}]},{\"@type\":\"BreadcrumbList\",\"@id\":\"https:\\\/\\\/researchbank.kaiserpermanente.org\\\/es\\\/newsletter-summer-2022\\\/#breadcrumb\",\"itemListElement\":[{\"@type\":\"ListItem\",\"position\":1,\"name\":\"Home\",\"item\":\"https:\\\/\\\/researchbank.kaiserpermanente.org\\\/es\\\/\"},{\"@type\":\"ListItem\",\"position\":2,\"name\":\"Newsletter &#8211; Summer 2022\"}]},{\"@type\":\"WebSite\",\"@id\":\"https:\\\/\\\/researchbank.kaiserpermanente.org\\\/es\\\/#website\",\"url\":\"https:\\\/\\\/researchbank.kaiserpermanente.org\\\/es\\\/\",\"name\":\"Kaiser Permanente Research Bank - Espa\u00f1ol\",\"description\":\"\",\"publisher\":{\"@id\":\"https:\\\/\\\/researchbank.kaiserpermanente.org\\\/es\\\/#organization\"},\"potentialAction\":[{\"@type\":\"SearchAction\",\"target\":{\"@type\":\"EntryPoint\",\"urlTemplate\":\"https:\\\/\\\/researchbank.kaiserpermanente.org\\\/es\\\/?s={search_term_string}\"},\"query-input\":{\"@type\":\"PropertyValueSpecification\",\"valueRequired\":true,\"valueName\":\"search_term_string\"}}],\"inLanguage\":\"en-US\"},{\"@type\":\"Organization\",\"@id\":\"https:\\\/\\\/researchbank.kaiserpermanente.org\\\/es\\\/#organization\",\"name\":\"Kaiser Permanente Research Bank - Espa\u00f1ol\",\"url\":\"https:\\\/\\\/researchbank.kaiserpermanente.org\\\/es\\\/\",\"logo\":{\"@type\":\"ImageObject\",\"inLanguage\":\"en-US\",\"@id\":\"https:\\\/\\\/researchbank.kaiserpermanente.org\\\/es\\\/#\\\/schema\\\/logo\\\/image\\\/\",\"url\":\"https:\\\/\\\/researchbank.kaiserpermanente.org\\\/es\\\/wp-content\\\/uploads\\\/sites\\\/2\\\/2017\\\/10\\\/logo.svg\",\"contentUrl\":\"https:\\\/\\\/researchbank.kaiserpermanente.org\\\/es\\\/wp-content\\\/uploads\\\/sites\\\/2\\\/2017\\\/10\\\/logo.svg\",\"caption\":\"Kaiser Permanente Research Bank - Espa\u00f1ol\"},\"image\":{\"@id\":\"https:\\\/\\\/researchbank.kaiserpermanente.org\\\/es\\\/#\\\/schema\\\/logo\\\/image\\\/\"}}]}<\/script>\n<!-- \/ Yoast SEO plugin. -->","yoast_head_json":{"title":"Newsletter - Summer 2022 - Kaiser Permanente Research Bank - Espa\u00f1ol","robots":{"index":"index","follow":"follow","max-snippet":"max-snippet:-1","max-image-preview":"max-image-preview:large","max-video-preview":"max-video-preview:-1"},"canonical":"https:\/\/researchbank.kaiserpermanente.org\/es\/newsletter-summer-2022\/","og_locale":"en_US","og_type":"article","og_title":"Newsletter - Summer 2022 - Kaiser Permanente Research Bank - Espa\u00f1ol","og_url":"https:\/\/researchbank.kaiserpermanente.org\/es\/newsletter-summer-2022\/","og_site_name":"Kaiser Permanente Research Bank - Espa\u00f1ol","article_modified_time":"2025-02-04T17:22:06+00:00","twitter_card":"summary_large_image","twitter_misc":{"Est. reading time":"3 minutes"},"schema":{"@context":"https:\/\/schema.org","@graph":[{"@type":"WebPage","@id":"https:\/\/researchbank.kaiserpermanente.org\/es\/newsletter-summer-2022\/","url":"https:\/\/researchbank.kaiserpermanente.org\/es\/newsletter-summer-2022\/","name":"Newsletter - Summer 2022 - Kaiser Permanente Research Bank - Espa\u00f1ol","isPartOf":{"@id":"https:\/\/researchbank.kaiserpermanente.org\/es\/#website"},"datePublished":"2022-11-15T18:22:46+00:00","dateModified":"2025-02-04T17:22:06+00:00","breadcrumb":{"@id":"https:\/\/researchbank.kaiserpermanente.org\/es\/newsletter-summer-2022\/#breadcrumb"},"inLanguage":"en-US","potentialAction":[{"@type":"ReadAction","target":["https:\/\/researchbank.kaiserpermanente.org\/es\/newsletter-summer-2022\/"]}]},{"@type":"BreadcrumbList","@id":"https:\/\/researchbank.kaiserpermanente.org\/es\/newsletter-summer-2022\/#breadcrumb","itemListElement":[{"@type":"ListItem","position":1,"name":"Home","item":"https:\/\/researchbank.kaiserpermanente.org\/es\/"},{"@type":"ListItem","position":2,"name":"Newsletter &#8211; Summer 2022"}]},{"@type":"WebSite","@id":"https:\/\/researchbank.kaiserpermanente.org\/es\/#website","url":"https:\/\/researchbank.kaiserpermanente.org\/es\/","name":"Kaiser Permanente Research Bank - Espa\u00f1ol","description":"","publisher":{"@id":"https:\/\/researchbank.kaiserpermanente.org\/es\/#organization"},"potentialAction":[{"@type":"SearchAction","target":{"@type":"EntryPoint","urlTemplate":"https:\/\/researchbank.kaiserpermanente.org\/es\/?s={search_term_string}"},"query-input":{"@type":"PropertyValueSpecification","valueRequired":true,"valueName":"search_term_string"}}],"inLanguage":"en-US"},{"@type":"Organization","@id":"https:\/\/researchbank.kaiserpermanente.org\/es\/#organization","name":"Kaiser Permanente Research Bank - Espa\u00f1ol","url":"https:\/\/researchbank.kaiserpermanente.org\/es\/","logo":{"@type":"ImageObject","inLanguage":"en-US","@id":"https:\/\/researchbank.kaiserpermanente.org\/es\/#\/schema\/logo\/image\/","url":"https:\/\/researchbank.kaiserpermanente.org\/es\/wp-content\/uploads\/sites\/2\/2017\/10\/logo.svg","contentUrl":"https:\/\/researchbank.kaiserpermanente.org\/es\/wp-content\/uploads\/sites\/2\/2017\/10\/logo.svg","caption":"Kaiser Permanente Research Bank - Espa\u00f1ol"},"image":{"@id":"https:\/\/researchbank.kaiserpermanente.org\/es\/#\/schema\/logo\/image\/"}}]}},"_links":{"self":[{"href":"https:\/\/researchbank.kaiserpermanente.org\/es\/wp-json\/wp\/v2\/pages\/1403","targetHints":{"allow":["GET"]}}],"collection":[{"href":"https:\/\/researchbank.kaiserpermanente.org\/es\/wp-json\/wp\/v2\/pages"}],"about":[{"href":"https:\/\/researchbank.kaiserpermanente.org\/es\/wp-json\/wp\/v2\/types\/page"}],"author":[{"embeddable":true,"href":"https:\/\/researchbank.kaiserpermanente.org\/es\/wp-json\/wp\/v2\/users\/5"}],"replies":[{"embeddable":true,"href":"https:\/\/researchbank.kaiserpermanente.org\/es\/wp-json\/wp\/v2\/comments?post=1403"}],"version-history":[{"count":0,"href":"https:\/\/researchbank.kaiserpermanente.org\/es\/wp-json\/wp\/v2\/pages\/1403\/revisions"}],"wp:attachment":[{"href":"https:\/\/researchbank.kaiserpermanente.org\/es\/wp-json\/wp\/v2\/media?parent=1403"}],"curies":[{"name":"wp","href":"https:\/\/api.w.org\/{rel}","templated":true}]}}