{"id":1307,"date":"2021-10-21T17:42:45","date_gmt":"2021-10-21T17:42:45","guid":{"rendered":"https:\/\/devkprb2024.wpenginepowered.com\/es\/?page_id=1307"},"modified":"2025-02-04T17:21:48","modified_gmt":"2025-02-04T17:21:48","slug":"newsletter-summer-2021","status":"publish","type":"page","link":"https:\/\/researchbank.kaiserpermanente.org\/es\/newsletter-summer-2021\/","title":{"rendered":"Newsletter &#8211; Summer 2021"},"content":{"rendered":"<div class=\"wpb-content-wrapper\">[vc_row remove_bottom_col_margin=&#8221;true&#8221;][vc_column offset=&#8221;vc_col-lg-9 vc_col-md-8&#8243;][vc_column_text]\n<h1>Gracias por formar parte del banco de investigaci\u00f3n de Kaiser Permanente.<\/h1>\n[\/vc_column_text][vc_column_text]Espero que usted y su familia se encuentren bien y con salud en el momento de recibir este bolet\u00edn.\u00a0 Con su colaboraci\u00f3n, seguimos desarrollando un recurso que ayudar\u00e1 a mejorar la salud de las generaciones futuras.\u00a0 En esta edici\u00f3n del bolet\u00edn, compartimos novedades sobre KP\u00a0Research\u00a0Bank que son posibles gracias a su decisi\u00f3n de participar.<\/p>\n<p>El a\u00f1o pasado se cumpli\u00f3 el 75\u00a0aniversario de Kaiser\u00a0Permanente, que se <a href=\"https:\/\/about.kaiserpermanente.org\/our-story\/our-history\/how-it-all-started\">origin\u00f3 humildemente en el desierto de Mojave y los astilleros de la Segunda Guerra Mundial en Richmond, California<\/a> (en ingl\u00e9s).<\/p>\n<p>En la <a href=\"https:\/\/about.kaiserpermanente.org\/our-story\/our-history\/a-history-of-leading-the-way\">l\u00ednea de tiempo<\/a> que puede ver en (en ingl\u00e9s) se incluyen varios puntos destacados de la historia de Kaiser\u00a0Permanente. Estamos muy contentos de contarle que la <a href=\"https:\/\/about.kaiserpermanente.org\/our-story\/our-history\/a-history-of-leading-the-way#td2010s\">fundaci\u00f3n de KP\u00a0Research\u00a0Bank<\/a> es uno de ellos.\u00a0\u00a1Gracias por formar parte de este esfuerzo hist\u00f3rico!<\/p>\n<p>En este bolet\u00edn, podr\u00e1 leer sobre lo siguiente:<\/p>\n<ul>\n<li>Los proyectos de investigaci\u00f3n aprobados recientemente en los que se usar\u00e1 informaci\u00f3n de nuestro Research\u00a0Bank.<\/li>\n<li>Las maneras en las que Research\u00a0Bank trabaja para mejorar la diversidad y la inclusi\u00f3n.<\/li>\n<li>C\u00f3mo un estudio con financiaci\u00f3n nacional usa nuestro Research\u00a0Bank para mejorar la salud de los ni\u00f1os.<\/li>\n<\/ul>\n<p>Gracias nuevamente por ser parte de KP\u00a0Research\u00a0Bank. Esperamos que el\u00a02021 sea un a\u00f1o con seguridad, productividad y salud.\u00a0 Cu\u00eddese y viva bien.[\/vc_column_text][\/vc_column][vc_column offset=&#8221;vc_col-lg-3 vc_col-md-4&#8243;]<style>.vcex-image.vcex_69e46a0986ed0 .vcex-image-img{border-radius:var(--wpex-rounded-full);}.vcex-image.vcex_69e46a0986ed0 .vcex-image-inner{max-width:300px;}<\/style><figure class=\"vcex-image vcex-module leadership-img vcex_69e46a0986ed0\"><div class=\"vcex-image-inner wpex-relative wpex-inline-block vc_custom_1715638470384\"><img width=\"600\" height=\"600\" src=\"https:\/\/researchbank.kaiserpermanente.org\/es\/wp-content\/uploads\/sites\/2\/2024\/05\/Elizabeth-McGlynn.webp\" class=\"vcex-image-img wpex-align-middle\" alt=\"Elizabeth A. McGlynn, PhD\" loading=\"lazy\" decoding=\"async\" srcset=\"https:\/\/researchbank.kaiserpermanente.org\/es\/wp-content\/uploads\/sites\/2\/2024\/05\/Elizabeth-McGlynn.webp 600w, https:\/\/researchbank.kaiserpermanente.org\/es\/wp-content\/uploads\/sites\/2\/2024\/05\/Elizabeth-McGlynn-300x300.webp 300w, https:\/\/researchbank.kaiserpermanente.org\/es\/wp-content\/uploads\/sites\/2\/2024\/05\/Elizabeth-McGlynn-150x150.webp 150w\" sizes=\"auto, (max-width: 600px) 100vw, 600px\" \/><\/div><\/figure>[vc_column_text]<strong>Dra. Elizabeth A. McGlynn<br \/>\n<\/strong>Vicepresidenta del \u00e1rea de<br \/>\nInvestigaci\u00f3n de Kaiser Permanente[\/vc_column_text][\/vc_column][\/vc_row][vc_row remove_bottom_col_margin=&#8221;true&#8221; el_class=&#8221;block-newsletters&#8221;][vc_column][vc_column_text]\n<h2>Featured Stories<\/h2>\n[\/vc_column_text]<div class=\"wpex-post-cards wpex-post-cards-template_1495 wpex-relative\"><div class=\"wpex-post-cards-inner\"><div class=\"wpex-post-cards-loop wpex-post-cards-grid wpex-row wpex-clr gap-60\"><div class=\"wpex-post-cards-entry col col-1 span_1_of_3 span_1_of_2_tp span_1_of_1_pl span_1_of_1_pp post-1298 type-post cat-19\"><div class=\"wpex-card wpex-card-template_1495\"><a href=\"https:\/\/researchbank.kaiserpermanente.org\/es\/uso-de-la-informacion-de-research-bank-para-mejorar-la-salud-de-los-ninos\/\" aria-label=\"Uso de la informaci\u00f3n de Research\u00a0Bank para mejorar la salud de los ni\u00f1os\" class=\"wpex-card-inner wpex-no-underline wpex-inherit-color\"><div class=\"vc_row wpb_row vc_row-fluid wpex-relative\"><div class=\"wpb_column vc_column_container vc_col-sm-12\"><div class=\"vc_column-inner\"><div class=\"wpb_wrapper\"><figure class=\"vcex-image vcex-module\"><div class=\"vcex-image-inner wpex-relative wpex-inline-block\"><img width=\"1920\" height=\"1280\" src=\"https:\/\/researchbank.kaiserpermanente.org\/es\/wp-content\/uploads\/sites\/2\/2021\/02\/newsletter-2021_childrens_health.jpg\" class=\"vcex-image-img wpex-align-middle\" alt=\"\" loading=\"lazy\" decoding=\"async\" srcset=\"https:\/\/researchbank.kaiserpermanente.org\/es\/wp-content\/uploads\/sites\/2\/2021\/02\/newsletter-2021_childrens_health.jpg 1920w, https:\/\/researchbank.kaiserpermanente.org\/es\/wp-content\/uploads\/sites\/2\/2021\/02\/newsletter-2021_childrens_health-300x200.jpg 300w, https:\/\/researchbank.kaiserpermanente.org\/es\/wp-content\/uploads\/sites\/2\/2021\/02\/newsletter-2021_childrens_health-1024x683.jpg 1024w, https:\/\/researchbank.kaiserpermanente.org\/es\/wp-content\/uploads\/sites\/2\/2021\/02\/newsletter-2021_childrens_health-768x512.jpg 768w, https:\/\/researchbank.kaiserpermanente.org\/es\/wp-content\/uploads\/sites\/2\/2021\/02\/newsletter-2021_childrens_health-1536x1024.jpg 1536w\" sizes=\"auto, (max-width: 1920px) 100vw, 1920px\" \/><\/div><\/figure><h3 class=\"vcex-heading vcex-heading-plain vcex-module wpex-heading wpex-text-2xl\"><span class=\"vcex-heading-inner wpex-inline-block\">Uso de la informaci\u00f3n de Research\u00a0Bank para mejorar la salud de los ni\u00f1os<\/span><\/h3><\/div><\/div><\/div><\/div>\r\n<\/a><\/div><\/div><div class=\"wpex-post-cards-entry col col-2 span_1_of_3 span_1_of_2_tp span_1_of_1_pl span_1_of_1_pp post-1297 type-post cat-19\"><div class=\"wpex-card wpex-card-template_1495\"><a href=\"https:\/\/researchbank.kaiserpermanente.org\/es\/mayor-diversidad-e-inclusion-en-kaiser-permanente-research-bank\/\" aria-label=\"Mayor diversidad e inclusi\u00f3n en Kaiser\u00a0Permanente Research Bank\" class=\"wpex-card-inner wpex-no-underline wpex-inherit-color\"><div class=\"vc_row wpb_row vc_row-fluid wpex-relative\"><div class=\"wpb_column vc_column_container vc_col-sm-12\"><div class=\"vc_column-inner\"><div class=\"wpb_wrapper\"><figure class=\"vcex-image vcex-module\"><div class=\"vcex-image-inner wpex-relative wpex-inline-block\"><img width=\"1920\" height=\"1280\" src=\"https:\/\/researchbank.kaiserpermanente.org\/es\/wp-content\/uploads\/sites\/2\/2021\/02\/newsletter-2021-diversity_inclusion.jpg\" class=\"vcex-image-img wpex-align-middle\" alt=\"\" loading=\"lazy\" decoding=\"async\" srcset=\"https:\/\/researchbank.kaiserpermanente.org\/es\/wp-content\/uploads\/sites\/2\/2021\/02\/newsletter-2021-diversity_inclusion.jpg 1920w, https:\/\/researchbank.kaiserpermanente.org\/es\/wp-content\/uploads\/sites\/2\/2021\/02\/newsletter-2021-diversity_inclusion-300x200.jpg 300w, https:\/\/researchbank.kaiserpermanente.org\/es\/wp-content\/uploads\/sites\/2\/2021\/02\/newsletter-2021-diversity_inclusion-1024x683.jpg 1024w, https:\/\/researchbank.kaiserpermanente.org\/es\/wp-content\/uploads\/sites\/2\/2021\/02\/newsletter-2021-diversity_inclusion-768x512.jpg 768w, https:\/\/researchbank.kaiserpermanente.org\/es\/wp-content\/uploads\/sites\/2\/2021\/02\/newsletter-2021-diversity_inclusion-1536x1024.jpg 1536w\" sizes=\"auto, (max-width: 1920px) 100vw, 1920px\" \/><\/div><\/figure><h3 class=\"vcex-heading vcex-heading-plain vcex-module wpex-heading wpex-text-2xl\"><span class=\"vcex-heading-inner wpex-inline-block\">Mayor diversidad e inclusi\u00f3n en Kaiser\u00a0Permanente Research Bank<\/span><\/h3><\/div><\/div><\/div><\/div>\r\n<\/a><\/div><\/div><div class=\"wpex-post-cards-entry col col-3 span_1_of_3 span_1_of_2_tp span_1_of_1_pl span_1_of_1_pp post-1293 type-post cat-19\"><div class=\"wpex-card wpex-card-template_1495\"><a href=\"https:\/\/researchbank.kaiserpermanente.org\/es\/proyectos-de-research-bank-aprobados-recientemente\/\" aria-label=\"Proyectos de Research Bank aprobados recientemente\" class=\"wpex-card-inner wpex-no-underline wpex-inherit-color\"><div class=\"vc_row wpb_row vc_row-fluid wpex-relative\"><div class=\"wpb_column vc_column_container vc_col-sm-12\"><div class=\"vc_column-inner\"><div class=\"wpb_wrapper\"><figure class=\"vcex-image vcex-module\"><div class=\"vcex-image-inner wpex-relative wpex-inline-block\"><img width=\"1920\" height=\"1280\" src=\"https:\/\/researchbank.kaiserpermanente.org\/es\/wp-content\/uploads\/sites\/2\/2021\/02\/kprb-default-image.jpg\" class=\"vcex-image-img wpex-align-middle\" alt=\"\" loading=\"lazy\" decoding=\"async\" srcset=\"https:\/\/researchbank.kaiserpermanente.org\/es\/wp-content\/uploads\/sites\/2\/2021\/02\/kprb-default-image.jpg 1920w, https:\/\/researchbank.kaiserpermanente.org\/es\/wp-content\/uploads\/sites\/2\/2021\/02\/kprb-default-image-300x200.jpg 300w, https:\/\/researchbank.kaiserpermanente.org\/es\/wp-content\/uploads\/sites\/2\/2021\/02\/kprb-default-image-1024x683.jpg 1024w, https:\/\/researchbank.kaiserpermanente.org\/es\/wp-content\/uploads\/sites\/2\/2021\/02\/kprb-default-image-768x512.jpg 768w, https:\/\/researchbank.kaiserpermanente.org\/es\/wp-content\/uploads\/sites\/2\/2021\/02\/kprb-default-image-1536x1024.jpg 1536w\" sizes=\"auto, (max-width: 1920px) 100vw, 1920px\" \/><\/div><\/figure><h3 class=\"vcex-heading vcex-heading-plain vcex-module wpex-heading wpex-text-2xl\"><span class=\"vcex-heading-inner wpex-inline-block\">Proyectos de Research Bank aprobados recientemente<\/span><\/h3><\/div><\/div><\/div><\/div>\r\n<\/a><\/div><\/div><\/div><\/div><\/div>[\/vc_column][\/vc_row][vc_row][vc_column offset=&#8221;vc_col-md-8&#8243;][vc_column_text]\n<h2 class=\"p1\">\u00bfQui\u00e9nes participan en<br \/>\nel banco de investigaci\u00f3n de KP?<\/h2>\n[\/vc_column_text]<style>.vcex-image.vcex_69e46a098dcc5 .vcex-image-inner{max-width:300px;}<\/style><figure class=\"vcex-image vcex-module vcex_69e46a098dcc5\"><div class=\"vcex-image-inner wpex-relative wpex-inline-block\"><img width=\"300\" height=\"1630\" src=\"https:\/\/researchbank.kaiserpermanente.org\/es\/wp-content\/uploads\/sites\/2\/2020\/06\/g-participants-summer-2020_es.svg\" class=\"vcex-image-img wpex-align-middle\" alt=\"Gr\u00e1fico de los participantes del Banco de Investigaci\u00f3n por g\u00e9nero, edad y raza\" loading=\"lazy\" decoding=\"async\" \/><\/div><\/figure>[\/vc_column][vc_column offset=&#8221;vc_col-md-4&#8243;][\/vc_column][\/vc_row]\n<\/div>","protected":false},"excerpt":{"rendered":"Estamos muy contentos de saber que disfrut\u00f3 leer sobre los proyectos y las publicaciones de Kaiser\u00a0Permanente\u00a0Research\u00a0Bank.\u00a0 Seguiremos incluyendo descripciones de los proyectos para que todos est\u00e9n mejor informados.\u00a0 A continuaci\u00f3n presentamos algunos de los estudios para los que se aprob\u00f3 el uso de informaci\u00f3n de Research\u00a0Bank el a\u00f1o pasado: C\u00f3mo la pandemia de la COVID\u201119&hellip;","protected":false},"author":5,"featured_media":0,"parent":0,"menu_order":0,"comment_status":"closed","ping_status":"closed","template":"","meta":{"_acf_changed":false,"footnotes":""},"class_list":["post-1307","page","type-page","status-publish","hentry","entry","has-media"],"acf":[],"yoast_head":"<!-- This site is optimized with the Yoast SEO plugin v26.6 - https:\/\/yoast.com\/wordpress\/plugins\/seo\/ -->\n<title>Newsletter - Summer 2021 - Kaiser Permanente Research Bank - Espa\u00f1ol<\/title>\n<meta name=\"robots\" content=\"index, follow, max-snippet:-1, max-image-preview:large, max-video-preview:-1\" \/>\n<link rel=\"canonical\" href=\"https:\/\/researchbank.kaiserpermanente.org\/es\/newsletter-summer-2021\/\" \/>\n<meta property=\"og:locale\" content=\"en_US\" \/>\n<meta property=\"og:type\" content=\"article\" \/>\n<meta property=\"og:title\" content=\"Newsletter - Summer 2021 - Kaiser Permanente Research Bank - Espa\u00f1ol\" \/>\n<meta property=\"og:url\" content=\"https:\/\/researchbank.kaiserpermanente.org\/es\/newsletter-summer-2021\/\" \/>\n<meta property=\"og:site_name\" content=\"Kaiser Permanente Research Bank - Espa\u00f1ol\" \/>\n<meta property=\"article:modified_time\" content=\"2025-02-04T17:21:48+00:00\" \/>\n<meta name=\"twitter:card\" content=\"summary_large_image\" \/>\n<meta name=\"twitter:label1\" content=\"Est. reading time\" \/>\n\t<meta name=\"twitter:data1\" content=\"2 minutes\" \/>\n<script type=\"application\/ld+json\" class=\"yoast-schema-graph\">{\"@context\":\"https:\/\/schema.org\",\"@graph\":[{\"@type\":\"WebPage\",\"@id\":\"https:\/\/researchbank.kaiserpermanente.org\/es\/newsletter-summer-2021\/\",\"url\":\"https:\/\/researchbank.kaiserpermanente.org\/es\/newsletter-summer-2021\/\",\"name\":\"Newsletter - Summer 2021 - Kaiser Permanente Research Bank - Espa\u00f1ol\",\"isPartOf\":{\"@id\":\"https:\/\/researchbank.kaiserpermanente.org\/es\/#website\"},\"datePublished\":\"2021-10-21T17:42:45+00:00\",\"dateModified\":\"2025-02-04T17:21:48+00:00\",\"breadcrumb\":{\"@id\":\"https:\/\/researchbank.kaiserpermanente.org\/es\/newsletter-summer-2021\/#breadcrumb\"},\"inLanguage\":\"en-US\",\"potentialAction\":[{\"@type\":\"ReadAction\",\"target\":[\"https:\/\/researchbank.kaiserpermanente.org\/es\/newsletter-summer-2021\/\"]}]},{\"@type\":\"BreadcrumbList\",\"@id\":\"https:\/\/researchbank.kaiserpermanente.org\/es\/newsletter-summer-2021\/#breadcrumb\",\"itemListElement\":[{\"@type\":\"ListItem\",\"position\":1,\"name\":\"Home\",\"item\":\"https:\/\/researchbank.kaiserpermanente.org\/es\/\"},{\"@type\":\"ListItem\",\"position\":2,\"name\":\"Newsletter &#8211; Summer 2021\"}]},{\"@type\":\"WebSite\",\"@id\":\"https:\/\/researchbank.kaiserpermanente.org\/es\/#website\",\"url\":\"https:\/\/researchbank.kaiserpermanente.org\/es\/\",\"name\":\"Kaiser Permanente Research Bank - Espa\u00f1ol\",\"description\":\"\",\"publisher\":{\"@id\":\"https:\/\/researchbank.kaiserpermanente.org\/es\/#organization\"},\"potentialAction\":[{\"@type\":\"SearchAction\",\"target\":{\"@type\":\"EntryPoint\",\"urlTemplate\":\"https:\/\/researchbank.kaiserpermanente.org\/es\/?s={search_term_string}\"},\"query-input\":{\"@type\":\"PropertyValueSpecification\",\"valueRequired\":true,\"valueName\":\"search_term_string\"}}],\"inLanguage\":\"en-US\"},{\"@type\":\"Organization\",\"@id\":\"https:\/\/researchbank.kaiserpermanente.org\/es\/#organization\",\"name\":\"Kaiser Permanente Research Bank - Espa\u00f1ol\",\"url\":\"https:\/\/researchbank.kaiserpermanente.org\/es\/\",\"logo\":{\"@type\":\"ImageObject\",\"inLanguage\":\"en-US\",\"@id\":\"https:\/\/researchbank.kaiserpermanente.org\/es\/#\/schema\/logo\/image\/\",\"url\":\"https:\/\/researchbank.kaiserpermanente.org\/es\/wp-content\/uploads\/sites\/2\/2017\/10\/logo.svg\",\"contentUrl\":\"https:\/\/researchbank.kaiserpermanente.org\/es\/wp-content\/uploads\/sites\/2\/2017\/10\/logo.svg\",\"caption\":\"Kaiser Permanente Research Bank - Espa\u00f1ol\"},\"image\":{\"@id\":\"https:\/\/researchbank.kaiserpermanente.org\/es\/#\/schema\/logo\/image\/\"}}]}<\/script>\n<!-- \/ Yoast SEO plugin. -->","yoast_head_json":{"title":"Newsletter - Summer 2021 - Kaiser Permanente Research Bank - Espa\u00f1ol","robots":{"index":"index","follow":"follow","max-snippet":"max-snippet:-1","max-image-preview":"max-image-preview:large","max-video-preview":"max-video-preview:-1"},"canonical":"https:\/\/researchbank.kaiserpermanente.org\/es\/newsletter-summer-2021\/","og_locale":"en_US","og_type":"article","og_title":"Newsletter - Summer 2021 - Kaiser Permanente Research Bank - Espa\u00f1ol","og_url":"https:\/\/researchbank.kaiserpermanente.org\/es\/newsletter-summer-2021\/","og_site_name":"Kaiser Permanente Research Bank - Espa\u00f1ol","article_modified_time":"2025-02-04T17:21:48+00:00","twitter_card":"summary_large_image","twitter_misc":{"Est. reading time":"2 minutes"},"schema":{"@context":"https:\/\/schema.org","@graph":[{"@type":"WebPage","@id":"https:\/\/researchbank.kaiserpermanente.org\/es\/newsletter-summer-2021\/","url":"https:\/\/researchbank.kaiserpermanente.org\/es\/newsletter-summer-2021\/","name":"Newsletter - Summer 2021 - Kaiser Permanente Research Bank - Espa\u00f1ol","isPartOf":{"@id":"https:\/\/researchbank.kaiserpermanente.org\/es\/#website"},"datePublished":"2021-10-21T17:42:45+00:00","dateModified":"2025-02-04T17:21:48+00:00","breadcrumb":{"@id":"https:\/\/researchbank.kaiserpermanente.org\/es\/newsletter-summer-2021\/#breadcrumb"},"inLanguage":"en-US","potentialAction":[{"@type":"ReadAction","target":["https:\/\/researchbank.kaiserpermanente.org\/es\/newsletter-summer-2021\/"]}]},{"@type":"BreadcrumbList","@id":"https:\/\/researchbank.kaiserpermanente.org\/es\/newsletter-summer-2021\/#breadcrumb","itemListElement":[{"@type":"ListItem","position":1,"name":"Home","item":"https:\/\/researchbank.kaiserpermanente.org\/es\/"},{"@type":"ListItem","position":2,"name":"Newsletter &#8211; Summer 2021"}]},{"@type":"WebSite","@id":"https:\/\/researchbank.kaiserpermanente.org\/es\/#website","url":"https:\/\/researchbank.kaiserpermanente.org\/es\/","name":"Kaiser Permanente Research Bank - Espa\u00f1ol","description":"","publisher":{"@id":"https:\/\/researchbank.kaiserpermanente.org\/es\/#organization"},"potentialAction":[{"@type":"SearchAction","target":{"@type":"EntryPoint","urlTemplate":"https:\/\/researchbank.kaiserpermanente.org\/es\/?s={search_term_string}"},"query-input":{"@type":"PropertyValueSpecification","valueRequired":true,"valueName":"search_term_string"}}],"inLanguage":"en-US"},{"@type":"Organization","@id":"https:\/\/researchbank.kaiserpermanente.org\/es\/#organization","name":"Kaiser Permanente Research Bank - Espa\u00f1ol","url":"https:\/\/researchbank.kaiserpermanente.org\/es\/","logo":{"@type":"ImageObject","inLanguage":"en-US","@id":"https:\/\/researchbank.kaiserpermanente.org\/es\/#\/schema\/logo\/image\/","url":"https:\/\/researchbank.kaiserpermanente.org\/es\/wp-content\/uploads\/sites\/2\/2017\/10\/logo.svg","contentUrl":"https:\/\/researchbank.kaiserpermanente.org\/es\/wp-content\/uploads\/sites\/2\/2017\/10\/logo.svg","caption":"Kaiser Permanente Research Bank - Espa\u00f1ol"},"image":{"@id":"https:\/\/researchbank.kaiserpermanente.org\/es\/#\/schema\/logo\/image\/"}}]}},"_links":{"self":[{"href":"https:\/\/researchbank.kaiserpermanente.org\/es\/wp-json\/wp\/v2\/pages\/1307","targetHints":{"allow":["GET"]}}],"collection":[{"href":"https:\/\/researchbank.kaiserpermanente.org\/es\/wp-json\/wp\/v2\/pages"}],"about":[{"href":"https:\/\/researchbank.kaiserpermanente.org\/es\/wp-json\/wp\/v2\/types\/page"}],"author":[{"embeddable":true,"href":"https:\/\/researchbank.kaiserpermanente.org\/es\/wp-json\/wp\/v2\/users\/5"}],"replies":[{"embeddable":true,"href":"https:\/\/researchbank.kaiserpermanente.org\/es\/wp-json\/wp\/v2\/comments?post=1307"}],"version-history":[{"count":0,"href":"https:\/\/researchbank.kaiserpermanente.org\/es\/wp-json\/wp\/v2\/pages\/1307\/revisions"}],"wp:attachment":[{"href":"https:\/\/researchbank.kaiserpermanente.org\/es\/wp-json\/wp\/v2\/media?parent=1307"}],"curies":[{"name":"wp","href":"https:\/\/api.w.org\/{rel}","templated":true}]}}