{"id":1254,"date":"2019-11-22T21:40:16","date_gmt":"2019-11-22T21:40:16","guid":{"rendered":"https:\/\/devkprb2024.wpenginepowered.com\/es\/?page_id=1254"},"modified":"2025-02-04T17:20:55","modified_gmt":"2025-02-04T17:20:55","slug":"newsletter-summer-2019","status":"publish","type":"page","link":"https:\/\/researchbank.kaiserpermanente.org\/es\/newsletter-summer-2019\/","title":{"rendered":"Newsletter &#8211; Summer 2019"},"content":{"rendered":"<div class=\"wpb-content-wrapper\">[vc_row remove_bottom_col_margin=&#8221;true&#8221;][vc_column offset=&#8221;vc_col-lg-9 vc_col-md-8&#8243;][vc_column_text]\n<h1>Gracias por formar parte del banco de investigaci\u00f3n de Kaiser Permanente.<\/h1>\n[\/vc_column_text][vc_column_text]Junto con miles de otros miembros de Kaiser Permanente (KP) de todo el pals (entre los que me incluyo), su aporte nos permite contribuir a la misi\u00f3n de Kaiser Permanente de prestar servicios de atenci\u00f3n m\u00e9dica asequibles y de alta calidad, y mejorar la salud de nuestros miembros y de las comunidades que atendemos.<\/p>\n<p>Gracias a su ayuda, estamos incrementando el conocimiento cientlfico mediante la realizaci\u00f3n de estudios, que abarcan desde el autismo y el c\u00e1ncer de mama hasta las cardiopatlas y la depresi\u00f3n.<\/p>\n<p>Esto no serla posible sin usted. Y queremos que sepa que forma parte de un esfuerzo \u00fanico.<\/p>\n<p>El banco de investigaci\u00f3n de Kaiser Permanente es uno de los biobancos m\u00e1s grandes y diversos de los Estados Unidos. La diversidad es importante. La constituci\u00f3n gen\u00e9tica de cada persona es \u00fanica y relevante.<\/p>\n<p>Cuando existe un conjunto diverso de muestras de sangre, los investigadores pueden analizar la forma en la que los tratamientos, las terapias o las medidas preventivas afectan a las personas de diferentes entornos y antecedentes \u00e9tnicos. Dicha diversidad es fundamental para lograr avances en la salud y la atenci\u00f3n m\u00e9dica de todos los individuos.<\/p>\n<p>Un grupo de investigadores de Kaiser Permanente, la Universidad de California en San Francisco, la Universidad de Stanford, la Universidad de Harvard y otras instituciones trabajan conjuntamente para estudiar los factores gen\u00e9ticos y ambientales que afectan las enfermedades oculares, la presi\u00f3n arterial, el c\u00e1ncer de pr\u00f3stata, las lesiones ortop\u00e9dicas, c\u00f3mo y por qu\u00e9 las personas que padecen diabetes pueden responder de manera diferente a la metformina, por citar solo algunas de las \u00e1reas que se estudian. Consulte nuestro sitio web para obtener m\u00e1s informaci\u00f3n.<\/p>\n<p>Nos complace que el banco de investigaci\u00f3n de Kaiser Permanente apoye la investigaci\u00f3n cientlfica relevante y nos alegra que usted y otros miembros de Kaiser Permanente perciban el valor de participar en este proyecto. Cuantas m\u00e1s personas participen, mayores ser\u00e1n las posibilidades de realizar descubrimientos cruciales que puedan, a la larga, mejorar la salud de todos.<\/p>\n<p>Difunda este mensaje a otros miembros de Kaiser Permanente que podr\u00edan estar interesados y an\u00edmelos a inscribirse en <a href=\"http:\/\/kp.org\/researchbank\/es.\"><strong>kp.org\/researchbank\/es.<\/strong><\/a>[\/vc_column_text][\/vc_column][vc_column offset=&#8221;vc_col-lg-3 vc_col-md-4&#8243;]<style>.vcex-image.vcex_69dff63090792 .vcex-image-img{border-radius:var(--wpex-rounded-full);}.vcex-image.vcex_69dff63090792 .vcex-image-inner{max-width:300px;}<\/style><figure class=\"vcex-image vcex-module leadership-img vcex_69dff63090792\"><div class=\"vcex-image-inner wpex-relative wpex-inline-block vc_custom_1715638470384\"><img width=\"600\" height=\"600\" src=\"https:\/\/researchbank.kaiserpermanente.org\/es\/wp-content\/uploads\/sites\/2\/2024\/05\/Elizabeth-McGlynn.webp\" class=\"vcex-image-img wpex-align-middle\" alt=\"Elizabeth A. McGlynn, PhD\" loading=\"lazy\" decoding=\"async\" srcset=\"https:\/\/researchbank.kaiserpermanente.org\/es\/wp-content\/uploads\/sites\/2\/2024\/05\/Elizabeth-McGlynn.webp 600w, https:\/\/researchbank.kaiserpermanente.org\/es\/wp-content\/uploads\/sites\/2\/2024\/05\/Elizabeth-McGlynn-300x300.webp 300w, https:\/\/researchbank.kaiserpermanente.org\/es\/wp-content\/uploads\/sites\/2\/2024\/05\/Elizabeth-McGlynn-150x150.webp 150w\" sizes=\"auto, (max-width: 600px) 100vw, 600px\" \/><\/div><\/figure>[vc_column_text]<strong>Dra. Elizabeth A. McGlynn<br \/>\n<\/strong>Vicepresidenta del \u00e1rea de<br \/>\nInvestigaci\u00f3n de Kaiser Permanente[\/vc_column_text][\/vc_column][\/vc_row][vc_row remove_bottom_col_margin=&#8221;true&#8221; el_class=&#8221;block-newsletters&#8221;][vc_column][vc_column_text]\n<h2>Featured Stories<\/h2>\n[\/vc_column_text]<div class=\"wpex-post-cards wpex-post-cards-template_1495 wpex-relative\"><div class=\"wpex-post-cards-inner\"><div class=\"wpex-post-cards-loop wpex-post-cards-grid wpex-row wpex-clr gap-60\"><div class=\"wpex-post-cards-entry col col-1 span_1_of_3 span_1_of_2_tp span_1_of_1_pl span_1_of_1_pp post-1298 type-post cat-19\"><div class=\"wpex-card wpex-card-template_1495\"><a href=\"https:\/\/researchbank.kaiserpermanente.org\/es\/uso-de-la-informacion-de-research-bank-para-mejorar-la-salud-de-los-ninos\/\" aria-label=\"Uso de la informaci\u00f3n de Research\u00a0Bank para mejorar la salud de los ni\u00f1os\" class=\"wpex-card-inner wpex-no-underline wpex-inherit-color\"><div class=\"vc_row wpb_row vc_row-fluid wpex-relative\"><div class=\"wpb_column vc_column_container vc_col-sm-12\"><div class=\"vc_column-inner\"><div class=\"wpb_wrapper\"><figure class=\"vcex-image vcex-module\"><div class=\"vcex-image-inner wpex-relative wpex-inline-block\"><img width=\"1920\" height=\"1280\" src=\"https:\/\/researchbank.kaiserpermanente.org\/es\/wp-content\/uploads\/sites\/2\/2021\/02\/newsletter-2021_childrens_health.jpg\" class=\"vcex-image-img wpex-align-middle\" alt=\"\" loading=\"lazy\" decoding=\"async\" srcset=\"https:\/\/researchbank.kaiserpermanente.org\/es\/wp-content\/uploads\/sites\/2\/2021\/02\/newsletter-2021_childrens_health.jpg 1920w, https:\/\/researchbank.kaiserpermanente.org\/es\/wp-content\/uploads\/sites\/2\/2021\/02\/newsletter-2021_childrens_health-300x200.jpg 300w, https:\/\/researchbank.kaiserpermanente.org\/es\/wp-content\/uploads\/sites\/2\/2021\/02\/newsletter-2021_childrens_health-1024x683.jpg 1024w, https:\/\/researchbank.kaiserpermanente.org\/es\/wp-content\/uploads\/sites\/2\/2021\/02\/newsletter-2021_childrens_health-768x512.jpg 768w, https:\/\/researchbank.kaiserpermanente.org\/es\/wp-content\/uploads\/sites\/2\/2021\/02\/newsletter-2021_childrens_health-1536x1024.jpg 1536w\" sizes=\"auto, (max-width: 1920px) 100vw, 1920px\" \/><\/div><\/figure><h3 class=\"vcex-heading vcex-heading-plain vcex-module wpex-heading wpex-text-2xl\"><span class=\"vcex-heading-inner wpex-inline-block\">Uso de la informaci\u00f3n de Research\u00a0Bank para mejorar la salud de los ni\u00f1os<\/span><\/h3><\/div><\/div><\/div><\/div>\r\n<\/a><\/div><\/div><div class=\"wpex-post-cards-entry col col-2 span_1_of_3 span_1_of_2_tp span_1_of_1_pl span_1_of_1_pp post-1297 type-post cat-19\"><div class=\"wpex-card wpex-card-template_1495\"><a href=\"https:\/\/researchbank.kaiserpermanente.org\/es\/mayor-diversidad-e-inclusion-en-kaiser-permanente-research-bank\/\" aria-label=\"Mayor diversidad e inclusi\u00f3n en Kaiser\u00a0Permanente Research Bank\" class=\"wpex-card-inner wpex-no-underline wpex-inherit-color\"><div class=\"vc_row wpb_row vc_row-fluid wpex-relative\"><div class=\"wpb_column vc_column_container vc_col-sm-12\"><div class=\"vc_column-inner\"><div class=\"wpb_wrapper\"><figure class=\"vcex-image vcex-module\"><div class=\"vcex-image-inner wpex-relative wpex-inline-block\"><img width=\"1920\" height=\"1280\" src=\"https:\/\/researchbank.kaiserpermanente.org\/es\/wp-content\/uploads\/sites\/2\/2021\/02\/newsletter-2021-diversity_inclusion.jpg\" class=\"vcex-image-img wpex-align-middle\" alt=\"\" loading=\"lazy\" decoding=\"async\" srcset=\"https:\/\/researchbank.kaiserpermanente.org\/es\/wp-content\/uploads\/sites\/2\/2021\/02\/newsletter-2021-diversity_inclusion.jpg 1920w, https:\/\/researchbank.kaiserpermanente.org\/es\/wp-content\/uploads\/sites\/2\/2021\/02\/newsletter-2021-diversity_inclusion-300x200.jpg 300w, https:\/\/researchbank.kaiserpermanente.org\/es\/wp-content\/uploads\/sites\/2\/2021\/02\/newsletter-2021-diversity_inclusion-1024x683.jpg 1024w, https:\/\/researchbank.kaiserpermanente.org\/es\/wp-content\/uploads\/sites\/2\/2021\/02\/newsletter-2021-diversity_inclusion-768x512.jpg 768w, https:\/\/researchbank.kaiserpermanente.org\/es\/wp-content\/uploads\/sites\/2\/2021\/02\/newsletter-2021-diversity_inclusion-1536x1024.jpg 1536w\" sizes=\"auto, (max-width: 1920px) 100vw, 1920px\" \/><\/div><\/figure><h3 class=\"vcex-heading vcex-heading-plain vcex-module wpex-heading wpex-text-2xl\"><span class=\"vcex-heading-inner wpex-inline-block\">Mayor diversidad e inclusi\u00f3n en Kaiser\u00a0Permanente Research Bank<\/span><\/h3><\/div><\/div><\/div><\/div>\r\n<\/a><\/div><\/div><div class=\"wpex-post-cards-entry col col-3 span_1_of_3 span_1_of_2_tp span_1_of_1_pl span_1_of_1_pp post-1293 type-post cat-19\"><div class=\"wpex-card wpex-card-template_1495\"><a href=\"https:\/\/researchbank.kaiserpermanente.org\/es\/proyectos-de-research-bank-aprobados-recientemente\/\" aria-label=\"Proyectos de Research Bank aprobados recientemente\" class=\"wpex-card-inner wpex-no-underline wpex-inherit-color\"><div class=\"vc_row wpb_row vc_row-fluid wpex-relative\"><div class=\"wpb_column vc_column_container vc_col-sm-12\"><div class=\"vc_column-inner\"><div class=\"wpb_wrapper\"><figure class=\"vcex-image vcex-module\"><div class=\"vcex-image-inner wpex-relative wpex-inline-block\"><img width=\"1920\" height=\"1280\" src=\"https:\/\/researchbank.kaiserpermanente.org\/es\/wp-content\/uploads\/sites\/2\/2021\/02\/kprb-default-image.jpg\" class=\"vcex-image-img wpex-align-middle\" alt=\"\" loading=\"lazy\" decoding=\"async\" srcset=\"https:\/\/researchbank.kaiserpermanente.org\/es\/wp-content\/uploads\/sites\/2\/2021\/02\/kprb-default-image.jpg 1920w, https:\/\/researchbank.kaiserpermanente.org\/es\/wp-content\/uploads\/sites\/2\/2021\/02\/kprb-default-image-300x200.jpg 300w, https:\/\/researchbank.kaiserpermanente.org\/es\/wp-content\/uploads\/sites\/2\/2021\/02\/kprb-default-image-1024x683.jpg 1024w, https:\/\/researchbank.kaiserpermanente.org\/es\/wp-content\/uploads\/sites\/2\/2021\/02\/kprb-default-image-768x512.jpg 768w, https:\/\/researchbank.kaiserpermanente.org\/es\/wp-content\/uploads\/sites\/2\/2021\/02\/kprb-default-image-1536x1024.jpg 1536w\" sizes=\"auto, (max-width: 1920px) 100vw, 1920px\" \/><\/div><\/figure><h3 class=\"vcex-heading vcex-heading-plain vcex-module wpex-heading wpex-text-2xl\"><span class=\"vcex-heading-inner wpex-inline-block\">Proyectos de Research Bank aprobados recientemente<\/span><\/h3><\/div><\/div><\/div><\/div>\r\n<\/a><\/div><\/div><\/div><\/div><\/div>[\/vc_column][\/vc_row][vc_row][vc_column offset=&#8221;vc_col-md-8&#8243;][vc_column_text]\n<h2 class=\"p1\">\u00bfQui\u00e9nes participan en<br \/>\nel banco de investigaci\u00f3n de KP?<\/h2>\n[\/vc_column_text][vc_column_text]<img loading=\"lazy\" decoding=\"async\" class=\"size-full wp-image-1227 aligncenter\" role=\"img\" src=\"https:\/\/researchbank.kaiserpermanente.org\/es\/wp-content\/uploads\/sites\/2\/2019\/07\/g-gender-es.svg\" alt=\"\" width=\"474\" height=\"748\" \/><\/p>\n<p><img loading=\"lazy\" decoding=\"async\" class=\"size-full wp-image-1228 aligncenter\" role=\"img\" src=\"https:\/\/researchbank.kaiserpermanente.org\/es\/wp-content\/uploads\/sites\/2\/2019\/07\/g-race-es.svg\" alt=\"\" width=\"473\" height=\"762\" \/>[\/vc_column_text][\/vc_column][vc_column offset=&#8221;vc_col-md-4&#8243;][\/vc_column][\/vc_row]\n<\/div>","protected":false},"excerpt":{"rendered":"Estamos muy contentos de saber que disfrut\u00f3 leer sobre los proyectos y las publicaciones de Kaiser\u00a0Permanente\u00a0Research\u00a0Bank.\u00a0 Seguiremos incluyendo descripciones de los proyectos para que todos est\u00e9n mejor informados.\u00a0 A continuaci\u00f3n presentamos algunos de los estudios para los que se aprob\u00f3 el uso de informaci\u00f3n de Research\u00a0Bank el a\u00f1o pasado: C\u00f3mo la pandemia de la COVID\u201119&hellip;","protected":false},"author":5,"featured_media":0,"parent":0,"menu_order":0,"comment_status":"closed","ping_status":"closed","template":"","meta":{"_acf_changed":false,"footnotes":""},"class_list":["post-1254","page","type-page","status-publish","hentry","entry","has-media"],"acf":[],"yoast_head":"<!-- This site is optimized with the Yoast SEO plugin v26.6 - https:\/\/yoast.com\/wordpress\/plugins\/seo\/ -->\n<title>Newsletter - Summer 2019 - Kaiser Permanente Research Bank - Espa\u00f1ol<\/title>\n<meta name=\"robots\" content=\"index, follow, max-snippet:-1, max-image-preview:large, max-video-preview:-1\" \/>\n<link rel=\"canonical\" href=\"https:\/\/researchbank.kaiserpermanente.org\/es\/newsletter-summer-2019\/\" \/>\n<meta property=\"og:locale\" content=\"en_US\" \/>\n<meta property=\"og:type\" content=\"article\" \/>\n<meta property=\"og:title\" content=\"Newsletter - Summer 2019 - Kaiser Permanente Research Bank - Espa\u00f1ol\" \/>\n<meta property=\"og:url\" content=\"https:\/\/researchbank.kaiserpermanente.org\/es\/newsletter-summer-2019\/\" \/>\n<meta property=\"og:site_name\" content=\"Kaiser Permanente Research Bank - Espa\u00f1ol\" \/>\n<meta property=\"article:modified_time\" content=\"2025-02-04T17:20:55+00:00\" \/>\n<meta name=\"twitter:card\" content=\"summary_large_image\" \/>\n<meta name=\"twitter:label1\" content=\"Est. reading time\" \/>\n\t<meta name=\"twitter:data1\" content=\"3 minutes\" \/>\n<script type=\"application\/ld+json\" class=\"yoast-schema-graph\">{\"@context\":\"https:\/\/schema.org\",\"@graph\":[{\"@type\":\"WebPage\",\"@id\":\"https:\/\/researchbank.kaiserpermanente.org\/es\/newsletter-summer-2019\/\",\"url\":\"https:\/\/researchbank.kaiserpermanente.org\/es\/newsletter-summer-2019\/\",\"name\":\"Newsletter - Summer 2019 - Kaiser Permanente Research Bank - Espa\u00f1ol\",\"isPartOf\":{\"@id\":\"https:\/\/researchbank.kaiserpermanente.org\/es\/#website\"},\"primaryImageOfPage\":{\"@id\":\"https:\/\/researchbank.kaiserpermanente.org\/es\/newsletter-summer-2019\/#primaryimage\"},\"image\":{\"@id\":\"https:\/\/researchbank.kaiserpermanente.org\/es\/newsletter-summer-2019\/#primaryimage\"},\"thumbnailUrl\":\"https:\/\/researchbank.kaiserpermanente.org\/es\/wp-content\/uploads\/sites\/2\/2019\/07\/g-gender-es.svg\",\"datePublished\":\"2019-11-22T21:40:16+00:00\",\"dateModified\":\"2025-02-04T17:20:55+00:00\",\"breadcrumb\":{\"@id\":\"https:\/\/researchbank.kaiserpermanente.org\/es\/newsletter-summer-2019\/#breadcrumb\"},\"inLanguage\":\"en-US\",\"potentialAction\":[{\"@type\":\"ReadAction\",\"target\":[\"https:\/\/researchbank.kaiserpermanente.org\/es\/newsletter-summer-2019\/\"]}]},{\"@type\":\"ImageObject\",\"inLanguage\":\"en-US\",\"@id\":\"https:\/\/researchbank.kaiserpermanente.org\/es\/newsletter-summer-2019\/#primaryimage\",\"url\":\"https:\/\/researchbank.kaiserpermanente.org\/es\/wp-content\/uploads\/sites\/2\/2019\/07\/g-gender-es.svg\",\"contentUrl\":\"https:\/\/researchbank.kaiserpermanente.org\/es\/wp-content\/uploads\/sites\/2\/2019\/07\/g-gender-es.svg\",\"width\":474,\"height\":748},{\"@type\":\"BreadcrumbList\",\"@id\":\"https:\/\/researchbank.kaiserpermanente.org\/es\/newsletter-summer-2019\/#breadcrumb\",\"itemListElement\":[{\"@type\":\"ListItem\",\"position\":1,\"name\":\"Home\",\"item\":\"https:\/\/researchbank.kaiserpermanente.org\/es\/\"},{\"@type\":\"ListItem\",\"position\":2,\"name\":\"Newsletter &#8211; Summer 2019\"}]},{\"@type\":\"WebSite\",\"@id\":\"https:\/\/researchbank.kaiserpermanente.org\/es\/#website\",\"url\":\"https:\/\/researchbank.kaiserpermanente.org\/es\/\",\"name\":\"Kaiser Permanente Research Bank - Espa\u00f1ol\",\"description\":\"\",\"publisher\":{\"@id\":\"https:\/\/researchbank.kaiserpermanente.org\/es\/#organization\"},\"potentialAction\":[{\"@type\":\"SearchAction\",\"target\":{\"@type\":\"EntryPoint\",\"urlTemplate\":\"https:\/\/researchbank.kaiserpermanente.org\/es\/?s={search_term_string}\"},\"query-input\":{\"@type\":\"PropertyValueSpecification\",\"valueRequired\":true,\"valueName\":\"search_term_string\"}}],\"inLanguage\":\"en-US\"},{\"@type\":\"Organization\",\"@id\":\"https:\/\/researchbank.kaiserpermanente.org\/es\/#organization\",\"name\":\"Kaiser Permanente Research Bank - Espa\u00f1ol\",\"url\":\"https:\/\/researchbank.kaiserpermanente.org\/es\/\",\"logo\":{\"@type\":\"ImageObject\",\"inLanguage\":\"en-US\",\"@id\":\"https:\/\/researchbank.kaiserpermanente.org\/es\/#\/schema\/logo\/image\/\",\"url\":\"https:\/\/researchbank.kaiserpermanente.org\/es\/wp-content\/uploads\/sites\/2\/2017\/10\/logo.svg\",\"contentUrl\":\"https:\/\/researchbank.kaiserpermanente.org\/es\/wp-content\/uploads\/sites\/2\/2017\/10\/logo.svg\",\"caption\":\"Kaiser Permanente Research Bank - Espa\u00f1ol\"},\"image\":{\"@id\":\"https:\/\/researchbank.kaiserpermanente.org\/es\/#\/schema\/logo\/image\/\"}}]}<\/script>\n<!-- \/ Yoast SEO plugin. -->","yoast_head_json":{"title":"Newsletter - Summer 2019 - Kaiser Permanente Research Bank - Espa\u00f1ol","robots":{"index":"index","follow":"follow","max-snippet":"max-snippet:-1","max-image-preview":"max-image-preview:large","max-video-preview":"max-video-preview:-1"},"canonical":"https:\/\/researchbank.kaiserpermanente.org\/es\/newsletter-summer-2019\/","og_locale":"en_US","og_type":"article","og_title":"Newsletter - Summer 2019 - Kaiser Permanente Research Bank - Espa\u00f1ol","og_url":"https:\/\/researchbank.kaiserpermanente.org\/es\/newsletter-summer-2019\/","og_site_name":"Kaiser Permanente Research Bank - Espa\u00f1ol","article_modified_time":"2025-02-04T17:20:55+00:00","twitter_card":"summary_large_image","twitter_misc":{"Est. reading time":"3 minutes"},"schema":{"@context":"https:\/\/schema.org","@graph":[{"@type":"WebPage","@id":"https:\/\/researchbank.kaiserpermanente.org\/es\/newsletter-summer-2019\/","url":"https:\/\/researchbank.kaiserpermanente.org\/es\/newsletter-summer-2019\/","name":"Newsletter - Summer 2019 - Kaiser Permanente Research Bank - Espa\u00f1ol","isPartOf":{"@id":"https:\/\/researchbank.kaiserpermanente.org\/es\/#website"},"primaryImageOfPage":{"@id":"https:\/\/researchbank.kaiserpermanente.org\/es\/newsletter-summer-2019\/#primaryimage"},"image":{"@id":"https:\/\/researchbank.kaiserpermanente.org\/es\/newsletter-summer-2019\/#primaryimage"},"thumbnailUrl":"https:\/\/researchbank.kaiserpermanente.org\/es\/wp-content\/uploads\/sites\/2\/2019\/07\/g-gender-es.svg","datePublished":"2019-11-22T21:40:16+00:00","dateModified":"2025-02-04T17:20:55+00:00","breadcrumb":{"@id":"https:\/\/researchbank.kaiserpermanente.org\/es\/newsletter-summer-2019\/#breadcrumb"},"inLanguage":"en-US","potentialAction":[{"@type":"ReadAction","target":["https:\/\/researchbank.kaiserpermanente.org\/es\/newsletter-summer-2019\/"]}]},{"@type":"ImageObject","inLanguage":"en-US","@id":"https:\/\/researchbank.kaiserpermanente.org\/es\/newsletter-summer-2019\/#primaryimage","url":"https:\/\/researchbank.kaiserpermanente.org\/es\/wp-content\/uploads\/sites\/2\/2019\/07\/g-gender-es.svg","contentUrl":"https:\/\/researchbank.kaiserpermanente.org\/es\/wp-content\/uploads\/sites\/2\/2019\/07\/g-gender-es.svg","width":474,"height":748},{"@type":"BreadcrumbList","@id":"https:\/\/researchbank.kaiserpermanente.org\/es\/newsletter-summer-2019\/#breadcrumb","itemListElement":[{"@type":"ListItem","position":1,"name":"Home","item":"https:\/\/researchbank.kaiserpermanente.org\/es\/"},{"@type":"ListItem","position":2,"name":"Newsletter &#8211; Summer 2019"}]},{"@type":"WebSite","@id":"https:\/\/researchbank.kaiserpermanente.org\/es\/#website","url":"https:\/\/researchbank.kaiserpermanente.org\/es\/","name":"Kaiser Permanente Research Bank - Espa\u00f1ol","description":"","publisher":{"@id":"https:\/\/researchbank.kaiserpermanente.org\/es\/#organization"},"potentialAction":[{"@type":"SearchAction","target":{"@type":"EntryPoint","urlTemplate":"https:\/\/researchbank.kaiserpermanente.org\/es\/?s={search_term_string}"},"query-input":{"@type":"PropertyValueSpecification","valueRequired":true,"valueName":"search_term_string"}}],"inLanguage":"en-US"},{"@type":"Organization","@id":"https:\/\/researchbank.kaiserpermanente.org\/es\/#organization","name":"Kaiser Permanente Research Bank - Espa\u00f1ol","url":"https:\/\/researchbank.kaiserpermanente.org\/es\/","logo":{"@type":"ImageObject","inLanguage":"en-US","@id":"https:\/\/researchbank.kaiserpermanente.org\/es\/#\/schema\/logo\/image\/","url":"https:\/\/researchbank.kaiserpermanente.org\/es\/wp-content\/uploads\/sites\/2\/2017\/10\/logo.svg","contentUrl":"https:\/\/researchbank.kaiserpermanente.org\/es\/wp-content\/uploads\/sites\/2\/2017\/10\/logo.svg","caption":"Kaiser Permanente Research Bank - Espa\u00f1ol"},"image":{"@id":"https:\/\/researchbank.kaiserpermanente.org\/es\/#\/schema\/logo\/image\/"}}]}},"_links":{"self":[{"href":"https:\/\/researchbank.kaiserpermanente.org\/es\/wp-json\/wp\/v2\/pages\/1254","targetHints":{"allow":["GET"]}}],"collection":[{"href":"https:\/\/researchbank.kaiserpermanente.org\/es\/wp-json\/wp\/v2\/pages"}],"about":[{"href":"https:\/\/researchbank.kaiserpermanente.org\/es\/wp-json\/wp\/v2\/types\/page"}],"author":[{"embeddable":true,"href":"https:\/\/researchbank.kaiserpermanente.org\/es\/wp-json\/wp\/v2\/users\/5"}],"replies":[{"embeddable":true,"href":"https:\/\/researchbank.kaiserpermanente.org\/es\/wp-json\/wp\/v2\/comments?post=1254"}],"version-history":[{"count":0,"href":"https:\/\/researchbank.kaiserpermanente.org\/es\/wp-json\/wp\/v2\/pages\/1254\/revisions"}],"wp:attachment":[{"href":"https:\/\/researchbank.kaiserpermanente.org\/es\/wp-json\/wp\/v2\/media?parent=1254"}],"curies":[{"name":"wp","href":"https:\/\/api.w.org\/{rel}","templated":true}]}}